{"id":846,"date":"2025-02-07T20:26:03","date_gmt":"2025-02-07T20:26:03","guid":{"rendered":"https:\/\/infanciadesarrollocrecimiento.com\/declaracion-de-accesibilidad\/"},"modified":"2025-06-23T16:33:35","modified_gmt":"2025-06-23T16:33:35","slug":"declaracio-accesibilitat","status":"publish","type":"page","link":"https:\/\/infanciadesarrollocrecimiento.com\/ca\/declaracio-accesibilitat\/","title":{"rendered":"Declaraci\u00f3 d&#8217;accesibilitat"},"content":{"rendered":"<section class=\"text_content_text_1_1 background-1-light\" data-block-id=\"69e10ba84a0b569e10ba84a0b6\" data-block-name=\"acf\/textcontent-1-1\" data-post-id=\"846\" data-stable-id=\"block_4f29cc656309e0b41c18892aa770ef77\">\r\n    <div class=\"container\">\r\n        <div class=\"row\">\r\n            <div class=\"col\">\r\n                <div class=\"content-theme\">\r\n                                        <div class=\"texto color-1-headings-dark tamano7\">\r\n                        <p>&nbsp;<\/p>\n<h2 style=\"text-align: center;\">PREPARACI\u00d3 DE LA SEG\u00dcENT DECLARACI\u00d3 DE ACCESIBILITAT<\/h2>\n<p>La present declaraci\u00f3 va ser preparada el 19 de desembre de 2024.<br \/>\nEl m\u00e8tode emprat per a preparar la declaraci\u00f3 ha estat una autoavaluaci\u00f3 duta a terme per la pr\u00f2pia empresa.<\/p>\n<p><strong>OBSERVACIONS I DADES DE CONTACTE<\/strong><\/p>\n<p>Podeu realitzar comunicacions sobre requisits d\u2019accessibilitat (article 10.2.a del RD 1112\/2018), com ara:<\/p>\n<ul>\n<li>Informar sobre qualsevol possible incompliment per part d\u2019aquest lloc web<\/li>\n<li>Transmetre altres dificultats d\u2019acc\u00e9s al contingut<\/li>\n<li>Formular qualsevol altra consulta o suggeriment de millora relativa a l\u2019accessibilitat del lloc web<\/li>\n<\/ul>\n<p>A trav\u00e9s del correu electr\u00f2nic de contacte contacto@infanciadesarrollocrecimiento.com.<\/p>\n<p>Podeu presentar:<\/p>\n<ul>\n<li>Una queixa relativa al compliment dels requisits del RD 1112\/2018<\/li>\n<li>Una sol\u00b7licitud d\u2019informaci\u00f3 accessible relativa a:<\/li>\n<li>Continguts que estan exclosos de l\u2019\u00e0mbit d\u2019aplicaci\u00f3 del RD 1112\/2018 segons l\u2019establert a l\u2019article 3, apartat 4.<\/li>\n<li>Continguts que estan exempts del compliment dels requisits d\u2019accessibilitat per imposar una c\u00e0rrega desproporcionada.<\/li>\n<\/ul>\n<p>En la sol\u00b7licitud d\u2019informaci\u00f3 accessible, s\u2019ha de concretar, amb tota claredat, els fets, raons i petici\u00f3 que permetin constatar que es tracta d\u2019una sol\u00b7licitud raonable i leg\u00edtima.<br \/>\nLes queixes i reclamacions sobre informaci\u00f3 accessible es realitzaran a trav\u00e9s del correu electr\u00f2nic anterior.<\/p>\n<p><strong>PROCEDIMENT D\u2019APLICACI\u00d3<\/strong><\/p>\n<p>Si un cop realitzada una sol\u00b7licitud d\u2019informaci\u00f3 accessible o queixa, aquesta hagu\u00e9s estat desestimada, no s\u2019estigu\u00e9s d\u2019acord amb la decisi\u00f3 adoptada, o la resposta no compl\u00eds els requisits contemplats a l\u2019article 12.5, la persona interessada podr\u00e0 iniciar una reclamaci\u00f3.<br \/>\nIgualment, es podr\u00e0 iniciar una reclamaci\u00f3 en el cas que hagi transcorregut el termini de vint dies h\u00e0bils sense haver obtingut resposta.<\/p>\n<p>&nbsp;<\/p>\n<p>&nbsp;<\/p>\n<p>&nbsp;<\/p>\n                    <\/div>\r\n                                    <\/div>\r\n            <\/div>\r\n        <\/div>\r\n    <\/div>\r\n<\/section>\r\n<style>\r\n    .text_content_text_1_1 h1 {\r\n        padding-bottom: 60px;\r\n        font-size: var(--tamano1-font-size);\r\n        font-weight: var(--tamano1-font-weight);\r\n        line-height: var(--tamano1-line-height);\r\n        letter-spacing: var(--tamano1-letter-spacing);\r\n        font-family: var(--tamano1-font-family);\r\n        color: var(--color-2-headings-dark);\r\n    }\r\n\r\n    .text_content_text_1_1 h2 {\r\n        padding-bottom: 60px;\r\n        font-size: var(--tamano2-font-size);\r\n        font-weight: var(--tamano2-font-weight);\r\n        line-height: var(--tamano2-line-height);\r\n        letter-spacing: var(--tamano2-letter-spacing);\r\n        font-family: var(--tamano2-font-family);\r\n        color: var(--color-2-headings-dark);\r\n    }\r\n\r\n    .text_content_text_1_1 h3 {\r\n        padding-bottom: 60px;\r\n        font-size: var(--tamano3-font-size);\r\n        font-weight: var(--tamano3-font-weight);\r\n        line-height: var(--tamano3-line-height);\r\n        letter-spacing: var(--tamano3-letter-spacing);\r\n        font-family: var(--tamano3-font-family);\r\n        color: var(--color-2-headings-dark);\r\n    }\r\n\r\n    .text_content_text_1_1 h4 {\r\n        padding-bottom: 60px;\r\n        font-size: var(--tamano4-font-size);\r\n        font-weight: var(--tamano4-font-weight);\r\n        line-height: var(--tamano4-line-height);\r\n        letter-spacing: var(--tamano4-letter-spacing);\r\n        font-family: var(--tamano4-font-family);\r\n        color: var(--color-2-headings-dark);\r\n    }\r\n\r\n    .text_content_text_1_1 ul,\r\n    .text_content_text_1_1 ol {\r\n        padding-left: 20px;\r\n    }\r\n\r\n    .text_content_text_1_1 .row .col {\r\n        padding-top: 75px;\r\n        width: 100%;\r\n    }\r\n\r\n\r\n    .text_content_text_1_1 .texto {\r\n        margin-bottom: 50px;\r\n    }\r\n\r\n    .text_content_text_1_1 .texto * {\r\n        padding-bottom: 20px;\r\n    }\r\n\r\n\r\n    .text_content_text_1_1 .row {\r\n        display: flex;\r\n        gap: 0px;\r\n    }\r\n\r\n    .text_content_text_1_1 {\r\n        position: relative;\r\n        background-position: center;\r\n        background-repeat: no-repeat;\r\n        background-size: cover;\r\n        padding: 81px 150px;\r\n        margin-top: -1px;\r\n    }\r\n\r\n    @media (max-width:1750px) {\r\n        .text_content_text_1_1 .row {\r\n            gap: 100px;\r\n        }\r\n    }\r\n\r\n    @media (max-width:1550px) {\r\n        .text_content_text_1_1 {\r\n            padding-left: 50px;\r\n            padding-right: 50px;\r\n        }\r\n    }\r\n\r\n    @media (max-width:1350px) {\r\n        .text_content_text_1_1 .row {\r\n            gap: 30px;\r\n        }\r\n    }\r\n\r\n    @media (max-width:1200px) {\r\n        .text_content_text_1_1 {\r\n            padding-left: 0;\r\n            padding-right: 0;\r\n        }\r\n    }\r\n\r\n    @media (max-width:992px) {\r\n        .text_content_text_1_1 .row .col-left {\r\n            padding-top: 0;\r\n            max-width: 100%;\r\n        }\r\n\r\n        .text_content_text_1_1 .texto {\r\n            margin-bottom: 35px;\r\n        }\r\n\r\n        .text_content_text_1_1 h2 {\r\n            padding-bottom: 40px;\r\n        }\r\n\r\n        .text_content_text_1_1 {\r\n            padding: 40px 0;\r\n        }\r\n\r\n        .text_content_text_1_1 h1 {\r\n            font-size: var(--tamano1-font-size-mobile);\r\n        }\r\n\r\n        .text_content_text_1_1 h2 {\r\n            font-size: var(--tamano2-font-size-mobile);\r\n        }\r\n\r\n        .text_content_text_1_1 h3 {\r\n            font-size: var(--tamano3-font-size-mobile);\r\n        }\r\n\r\n        .text_content_text_1_1 h4 {\r\n            font-size: var(--tamano4-font-size-mobile);\r\n        }\r\n    }\r\n<\/style>\r\n","protected":false},"excerpt":{"rendered":"","protected":false},"author":1,"featured_media":0,"parent":0,"menu_order":0,"comment_status":"open","ping_status":"closed","template":"","meta":{"_acf_changed":false,"iawp_total_views":0,"footnotes":""},"class_list":["post-846","page","type-page","status-publish","hentry"],"acf":[],"yoast_head":"<!-- This site is optimized with the Yoast SEO plugin v27.4 - https:\/\/yoast.com\/product\/yoast-seo-wordpress\/ -->\n<title>Declaraci\u00f3n de Accesibilidad - Adelina Barbero<\/title>\n<meta name=\"description\" content=\"Consulta c\u00f3mo realizamos nuestra evaluaci\u00f3n de accesibilidad y c\u00f3mo enviar observaciones o quejas para mejorar la experiencia en nuestro sitio.\" \/>\n<meta name=\"robots\" content=\"index, follow, max-snippet:-1, max-image-preview:large, max-video-preview:-1\" \/>\n<link rel=\"canonical\" href=\"https:\/\/infanciadesarrollocrecimiento.com\/ca\/declaracio-accesibilitat\/\" \/>\n<meta property=\"og:locale\" content=\"ca_ES\" \/>\n<meta property=\"og:type\" content=\"article\" \/>\n<meta property=\"og:title\" content=\"Declaraci\u00f3n de Accesibilidad - Adelina Barbero\" \/>\n<meta property=\"og:description\" content=\"Consulta c\u00f3mo realizamos nuestra evaluaci\u00f3n de accesibilidad y c\u00f3mo enviar observaciones o quejas para mejorar la experiencia en nuestro sitio.\" \/>\n<meta property=\"og:url\" content=\"https:\/\/infanciadesarrollocrecimiento.com\/ca\/declaracio-accesibilitat\/\" \/>\n<meta property=\"og:site_name\" content=\"Adelina Barbero\" \/>\n<meta property=\"article:modified_time\" content=\"2025-06-23T16:33:35+00:00\" \/>\n<meta name=\"twitter:card\" content=\"summary_large_image\" \/>\n<!-- \/ Yoast SEO plugin. -->","yoast_head_json":{"title":"Declaraci\u00f3n de Accesibilidad - Adelina Barbero","description":"Consulta c\u00f3mo realizamos nuestra evaluaci\u00f3n de accesibilidad y c\u00f3mo enviar observaciones o quejas para mejorar la experiencia en nuestro sitio.","robots":{"index":"index","follow":"follow","max-snippet":"max-snippet:-1","max-image-preview":"max-image-preview:large","max-video-preview":"max-video-preview:-1"},"canonical":"https:\/\/infanciadesarrollocrecimiento.com\/ca\/declaracio-accesibilitat\/","og_locale":"ca_ES","og_type":"article","og_title":"Declaraci\u00f3n de Accesibilidad - Adelina Barbero","og_description":"Consulta c\u00f3mo realizamos nuestra evaluaci\u00f3n de accesibilidad y c\u00f3mo enviar observaciones o quejas para mejorar la experiencia en nuestro sitio.","og_url":"https:\/\/infanciadesarrollocrecimiento.com\/ca\/declaracio-accesibilitat\/","og_site_name":"Adelina Barbero","article_modified_time":"2025-06-23T16:33:35+00:00","twitter_card":"summary_large_image","schema":{"@context":"https:\/\/schema.org","@graph":[{"@type":"WebPage","@id":"https:\/\/infanciadesarrollocrecimiento.com\/ca\/declaracio-accesibilitat\/","url":"https:\/\/infanciadesarrollocrecimiento.com\/ca\/declaracio-accesibilitat\/","name":"Declaraci\u00f3n de Accesibilidad - Adelina Barbero","isPartOf":{"@id":"https:\/\/infanciadesarrollocrecimiento.com\/ca\/#website"},"datePublished":"2025-02-07T20:26:03+00:00","dateModified":"2025-06-23T16:33:35+00:00","description":"Consulta c\u00f3mo realizamos nuestra evaluaci\u00f3n de accesibilidad y c\u00f3mo enviar observaciones o quejas para mejorar la experiencia en nuestro sitio.","breadcrumb":{"@id":"https:\/\/infanciadesarrollocrecimiento.com\/ca\/declaracio-accesibilitat\/#breadcrumb"},"inLanguage":"ca","potentialAction":[{"@type":"ReadAction","target":["https:\/\/infanciadesarrollocrecimiento.com\/ca\/declaracio-accesibilitat\/"]}]},{"@type":"BreadcrumbList","@id":"https:\/\/infanciadesarrollocrecimiento.com\/ca\/declaracio-accesibilitat\/#breadcrumb","itemListElement":[{"@type":"ListItem","position":1,"name":"Portada","item":"https:\/\/infanciadesarrollocrecimiento.com\/ca\/"},{"@type":"ListItem","position":2,"name":"Declaraci\u00f3 d&#8217;accesibilitat"}]},{"@type":"WebSite","@id":"https:\/\/infanciadesarrollocrecimiento.com\/ca\/#website","url":"https:\/\/infanciadesarrollocrecimiento.com\/ca\/","name":"Adelina Barbero","description":"","publisher":{"@id":"https:\/\/infanciadesarrollocrecimiento.com\/ca\/#organization"},"potentialAction":[{"@type":"SearchAction","target":{"@type":"EntryPoint","urlTemplate":"https:\/\/infanciadesarrollocrecimiento.com\/ca\/?s={search_term_string}"},"query-input":{"@type":"PropertyValueSpecification","valueRequired":true,"valueName":"search_term_string"}}],"inLanguage":"ca"},{"@type":"Organization","@id":"https:\/\/infanciadesarrollocrecimiento.com\/ca\/#organization","name":"Adelina Barbero","url":"https:\/\/infanciadesarrollocrecimiento.com\/ca\/","logo":{"@type":"ImageObject","inLanguage":"ca","@id":"https:\/\/infanciadesarrollocrecimiento.com\/ca\/#\/schema\/logo\/image\/","url":"https:\/\/infanciadesarrollocrecimiento.com\/wp-content\/uploads\/2025\/02\/67a0b21d482ef_desarrollo_y_crecimiento__2_-removebg-preview.png","contentUrl":"https:\/\/infanciadesarrollocrecimiento.com\/wp-content\/uploads\/2025\/02\/67a0b21d482ef_desarrollo_y_crecimiento__2_-removebg-preview.png","width":167,"height":22,"caption":"Adelina Barbero"},"image":{"@id":"https:\/\/infanciadesarrollocrecimiento.com\/ca\/#\/schema\/logo\/image\/"}}]}},"_links":{"self":[{"href":"https:\/\/infanciadesarrollocrecimiento.com\/ca\/wp-json\/wp\/v2\/pages\/846","targetHints":{"allow":["GET"]}}],"collection":[{"href":"https:\/\/infanciadesarrollocrecimiento.com\/ca\/wp-json\/wp\/v2\/pages"}],"about":[{"href":"https:\/\/infanciadesarrollocrecimiento.com\/ca\/wp-json\/wp\/v2\/types\/page"}],"author":[{"embeddable":true,"href":"https:\/\/infanciadesarrollocrecimiento.com\/ca\/wp-json\/wp\/v2\/users\/1"}],"replies":[{"embeddable":true,"href":"https:\/\/infanciadesarrollocrecimiento.com\/ca\/wp-json\/wp\/v2\/comments?post=846"}],"version-history":[{"count":3,"href":"https:\/\/infanciadesarrollocrecimiento.com\/ca\/wp-json\/wp\/v2\/pages\/846\/revisions"}],"predecessor-version":[{"id":1343,"href":"https:\/\/infanciadesarrollocrecimiento.com\/ca\/wp-json\/wp\/v2\/pages\/846\/revisions\/1343"}],"wp:attachment":[{"href":"https:\/\/infanciadesarrollocrecimiento.com\/ca\/wp-json\/wp\/v2\/media?parent=846"}],"curies":[{"name":"wp","href":"https:\/\/api.w.org\/{rel}","templated":true}]}}