{"id":424,"date":"2025-02-03T16:46:06","date_gmt":"2025-02-03T16:46:06","guid":{"rendered":"https:\/\/infanciadesarrollocrecimiento.com\/servicios\/"},"modified":"2025-06-23T16:48:35","modified_gmt":"2025-06-23T16:48:35","slug":"serveis","status":"publish","type":"page","link":"https:\/\/infanciadesarrollocrecimiento.com\/ca\/serveis\/","title":{"rendered":"Serveis"},"content":{"rendered":"<section class=\"header_curvy1_30_1 background-1-light\" id=\"\" data-block-id=\"69e0f2fb8c2aa69e0f2fb8c2ab\" data-block-name=\"acf\/header-curvy1-30-1\" data-post-id=\"424\" data-stable-id=\"block_da5bb30e5a532cf61b275cb409aa3b3f\">\r\n    <div class=\"container\">\r\n        <div class=\"row\">\r\n            <div class=\"col\">\r\n                                <div class=\"subtitulo tamano6-boldcta color-1-headings-dark\">Suport al desenvolupament infantil<\/div>\r\n                                <h1 class=\"tamano1 color-1-headings-dark\">Psicologia<\/h1>\r\n            <\/div>\r\n        <\/div>\r\n    <\/div>\r\n<\/section>\r\n<style>\r\n    .header_curvy1_30_1 .col .subtitulo {\r\n        text-align: center;\r\n        padding-bottom: 25px;\r\n    }\r\n\r\n    .header_curvy1_30_1 .col h1 {\r\n        text-align: center;\r\n    }\r\n\r\n    .header_curvy1_30_1 .col {\r\n        max-width: 1230px;\r\n        margin: 0 auto;\r\n    }\r\n\r\n    .header_curvy1_30_1 {\r\n        padding: 200px 0 55px 0;\r\n    }\r\n\r\n    @media (max-width:1200px) {\r\n        .header_curvy1_30_1 {\r\n            padding: 120px 0 35px 0;\r\n        }\r\n    }\r\n\r\n    @media (max-width:768px) {\r\n        .header_curvy1_30_1 h1 {\r\n            line-height: var(--tamano3-line-height);\r\n        }\r\n\r\n        .header_curvy1_30_1 {\r\n            padding: 100px 0 40px;\r\n        }\r\n    }\r\n<\/style>\r\n\n\n<section class=\"services_curvy1_22_1 background-1-light\" id=\"\" data-block-id=\"69e0f2fb8d1f069e0f2fb8d1f1\" data-block-name=\"acf\/services-curvy1-22-1\" data-post-id=\"424\" data-stable-id=\"block_9a60729e60e2f5e32d17adb8bc9d5511\">\r\n    <div class=\"container\">\r\n        <div class=\"row\">\r\n            <div class=\"col col-top\">\r\n                                            <\/div>\r\n        <\/div>\r\n    <\/div>\r\n    <div class=\"container\">\r\n        <div class=\"row\">\r\n            <div class=\"col col-servicios\">\r\n                <div class=\"servicios\">\r\n                                                                                                    <a href=\"https:\/\/infanciadesarrollocrecimiento.com\/ca\/serveis\/psicologia-infantil\/\" class=\"servicio-item\">\r\n                                <div class=\"imagen\" style=\"background-image: url('https:\/\/infanciadesarrollocrecimiento.com\/wp-content\/uploads\/2025\/06\/image00126-scaled.jpeg');\"\r\n                                    aria-label=\"\"><\/div>\r\n                                <div class=\"mask\"><\/div>\r\n                                <div class=\"meta\">\r\n                                    <h3 class=\"tamano3 color-1-headings-dark\">Psicologia infantil<\/h3>\r\n                                                                        <div class=\"texto tamano7 color-1-body-dark\">\r\n                                        <p>Com a psic\u00f2loga infantojuvenil, abordo els processos de desenvolupament neuroevolutiu, emocional, cognitiu, conductual i social en l\u2019etapa de la inf\u00e0ncia i l\u2019adolesc\u00e8ncia.<br \/>\nEl meu objectiu \u00e9s promoure un creixement saludable i abordar, des d\u2019una filosofia respectuosa, diferents situacions evolutives: trastorns de conducta, ansietat, dificultats d\u2019aprenentatge i\/o problemes familiars.<\/p>\n                                    <\/div>\r\n                                                                    <\/div>\r\n                            <\/a>\r\n                                                                                <a href=\"https:\/\/infanciadesarrollocrecimiento.com\/ca\/serveis\/assessorament-familiar\/\" class=\"servicio-item\">\r\n                                <div class=\"imagen\" style=\"background-image: url('https:\/\/infanciadesarrollocrecimiento.com\/wp-content\/uploads\/2025\/06\/image00012-scaled.jpg');\"\r\n                                    aria-label=\"\"><\/div>\r\n                                <div class=\"mask\"><\/div>\r\n                                <div class=\"meta\">\r\n                                    <h3 class=\"tamano3 color-1-headings-dark\">Assessorament familiar<\/h3>\r\n                                                                        <div class=\"texto tamano7 color-1-body-dark\">\r\n                                        <p>El meu objectiu \u00e9s acompanyar les fam\u00edlies, oferint-los eines i estrat\u00e8gies que enforteixin el vincle, la comunicaci\u00f3 i la gesti\u00f3 emocional, amb l\u2019objectiu de resoldre possibles conflictes i promoure un ambient saludable en el nucli familiar, i molt especialment en els nuclis familiars amb fill@s que presenten trastorns en el desenvolupament.<\/p>\n<p>&nbsp;<\/p>\n<p>&nbsp;<\/p>\n<p>&nbsp;<\/p>\n<p>&nbsp;<\/p>\n<p>&nbsp;<\/p>\n                                    <\/div>\r\n                                                                    <\/div>\r\n                            <\/a>\r\n                                                                                <a href=\"https:\/\/infanciadesarrollocrecimiento.com\/ca\/serveis\/formacio-i-supervisio-de-casos\/\" class=\"servicio-item\">\r\n                                <div class=\"imagen\" style=\"background-image: url('https:\/\/infanciadesarrollocrecimiento.com\/wp-content\/uploads\/2025\/06\/image00053-scaled.jpg');\"\r\n                                    aria-label=\"\"><\/div>\r\n                                <div class=\"mask\"><\/div>\r\n                                <div class=\"meta\">\r\n                                    <h3 class=\"tamano3 color-1-headings-dark\">Formaci\u00f3 i supervisi\u00f3 de casos<\/h3>\r\n                                                                        <div class=\"texto tamano7 color-1-body-dark\">\r\n                                        <article class=\"text-token-text-primary w-full\" dir=\"auto\" data-testid=\"conversation-turn-130\" data-scroll-anchor=\"true\">\n<div class=\"text-base my-auto mx-auto py-5 [--thread-content-margin:--spacing(4)] @[37rem]:[--thread-content-margin:--spacing(6)] @[72rem]:[--thread-content-margin:--spacing(16)] px-(--thread-content-margin)\">\n<div class=\"[--thread-content-max-width:32rem] @[34rem]:[--thread-content-max-width:40rem] @[64rem]:[--thread-content-max-width:48rem] mx-auto flex max-w-(--thread-content-max-width) flex-1 text-base gap-4 md:gap-5 lg:gap-6 group\/turn-messages focus-visible:outline-hidden\" tabindex=\"-1\">\n<div class=\"group\/conversation-turn relative flex w-full min-w-0 flex-col agent-turn\">\n<div class=\"relative flex-col gap-1 md:gap-3\">\n<div class=\"flex max-w-full flex-col grow\">\n<div class=\"min-h-8 text-message relative flex w-full flex-col items-end gap-2 text-start break-words whitespace-normal [.text-message+&amp;]:mt-5\" dir=\"auto\" data-message-author-role=\"assistant\" data-message-id=\"28b07cdc-65bf-406a-819a-a0547e2a9cac\" data-message-model-slug=\"gpt-4o\">\n<div class=\"flex w-full flex-col gap-1 empty:hidden first:pt-[3px]\">\n<div class=\"markdown prose dark:prose-invert w-full break-words light\">\n<p>Espai de formaci\u00f3 i supervisi\u00f3 de casos per a professionals de la psicologia, la salut mental, l&#8217;educaci\u00f3 i tamb\u00e9 per a mares i pares que volen aprofundir en el coneixement de les relacions emocionals en l&#8217;\u00e0mbit familiar.<\/p>\n<p>&nbsp;<\/p>\n<p>&nbsp;<\/p>\n<p>&nbsp;<\/p>\n<p>&nbsp;<\/p>\n<p>&nbsp;<\/p>\n<\/div>\n<\/div>\n<\/div>\n<\/div>\n<div class=\"mt-3 w-full empty:hidden\">\n<div class=\"text-center\"><\/div>\n<\/div>\n<\/div>\n<div class=\"absolute\">\n<div class=\"flex items-center justify-center\"><\/div>\n<\/div>\n<\/div>\n<\/div>\n<\/div>\n<\/article>\n<div class=\"pointer-events-none h-px w-px\" aria-hidden=\"true\" data-edge=\"true\"><\/div>\n<p>&nbsp;<\/p>\n                                    <\/div>\r\n                                                                    <\/div>\r\n                            <\/a>\r\n                                                                                <a href=\"https:\/\/infanciadesarrollocrecimiento.com\/ca\/serveis\/terapies-adults\/\" class=\"servicio-item\">\r\n                                <div class=\"imagen\" style=\"background-image: url('https:\/\/infanciadesarrollocrecimiento.com\/wp-content\/uploads\/2025\/06\/image00316-scaled.jpeg');\"\r\n                                    aria-label=\"\"><\/div>\r\n                                <div class=\"mask\"><\/div>\r\n                                <div class=\"meta\">\r\n                                    <h3 class=\"tamano3 color-1-headings-dark\">Ter\u00e0pies adults<\/h3>\r\n                                                                        <div class=\"texto tamano7 color-1-body-dark\">\r\n                                        <p>El primer pas per canviar una situaci\u00f3 personal que ens provoca dolor, ansietat, angoixa, tristesa cr\u00f2nica, r\u00e0bia, desordre afectiu\u2026<strong> \u00e9s recon\u00e8ixer amb honestedat el que sentim i acceptar que necessitem un canvi, sense jutjar-nos per aix\u00f2.<\/strong><\/p>\n<p>Nom\u00e9s a partir d\u2019aquesta presa de consci\u00e8ncia podem avan\u00e7ar cap al benestar i la transformaci\u00f3 personal.<\/p>\n<p>&nbsp;<\/p>\n<p>&nbsp;<\/p>\n<p>&nbsp;<\/p>\n<p>&nbsp;<\/p>\n<p>&nbsp;<\/p>\n<p>&nbsp;<\/p>\n                                    <\/div>\r\n                                                                    <\/div>\r\n                            <\/a>\r\n                                                                                <a href=\"https:\/\/infanciadesarrollocrecimiento.com\/ca\/serveis\/jornades-terapeutiques-cemedete\/\" class=\"servicio-item\">\r\n                                <div class=\"imagen\" style=\"background-image: url('https:\/\/infanciadesarrollocrecimiento.com\/wp-content\/uploads\/2025\/06\/IMG-20240722-WA0208.jpg');\"\r\n                                    aria-label=\"\"><\/div>\r\n                                <div class=\"mask\"><\/div>\r\n                                <div class=\"meta\">\r\n                                    <h3 class=\"tamano3 color-1-headings-dark\">Jornades Terap\u00e8utiques CEMEDETE<\/h3>\r\n                                                                        <div class=\"texto tamano7 color-1-body-dark\">\r\n                                        <p>El projecte de les Jornades Terap\u00e8utiques CEMEDETE consisteix a aplicar durant set dies activitats terap\u00e8utiques i d\u2019integraci\u00f3 social, en un clima vivencial intens, afectiu, positiu, l\u00fadic, disciplinat i personal.<\/p>\n<p>&nbsp;<\/p>\n<p>&nbsp;<\/p>\n<p>&nbsp;<\/p>\n<p>&nbsp;<\/p>\n                                    <\/div>\r\n                                                                    <\/div>\r\n                            <\/a>\r\n                                                            <\/div>\r\n            <\/div>\r\n        <\/div>\r\n    <\/div>\r\n\r\n<\/section>\r\n<style>\r\n    .services_curvy1_22_1 .servicio-item .texto {\r\n        transition: all ease .3s;\r\n        text-align: center;\r\n    }\r\n\r\n    .services_curvy1_22_1 .servicio-item h3 {\r\n        padding-bottom: 25px;\r\n        transition: all ease .3s;\r\n        text-align: center;\r\n    }\r\n\r\n    .services_curvy1_22_1 .servicio-item:hover .texto,\r\n    .services_curvy1_22_1 .servicio-item.hover .texto {\r\n        color: var(--color-2-headings-light);\r\n    }\r\n\r\n    .services_curvy1_22_1 .servicio-item:hover h3,\r\n    .services_curvy1_22_1 .servicio-item.hover h3 {\r\n        color: var(--background-1-light);\r\n    }\r\n\r\n    .services_curvy1_22_1 .servicio-item:hover .mask,\r\n    .services_curvy1_22_1 .servicio-item:hover .imagen,\r\n    .services_curvy1_22_1 .servicio-item.hover .mask,\r\n    .services_curvy1_22_1 .servicio-item.hover .imagen {\r\n        opacity: 1;\r\n        visibility: visible;\r\n    }\r\n\r\n    .services_curvy1_22_1 .servicio-item .mask {\r\n        background: rgba(43, 43, 43, 0.50);\r\n        position: absolute;\r\n        top: 0;\r\n        left: 0;\r\n        width: 100%;\r\n        height: 100%;\r\n        opacity: 0;\r\n        visibility: hidden;\r\n        border-radius: 30px;\r\n        transition: all ease .3s;\r\n    }\r\n\r\n     .services_curvy1_22_1 .servicio-item .imagen {\r\n        position: absolute;\r\n        top: 0;\r\n        left: 0;\r\n        width: 100%;\r\n        height: 100%;\r\n        opacity: 0;\r\n        background-position: center;\r\n        background-repeat: no-repeat;\r\n        background-size: cover;\r\n        visibility: hidden;\r\n        transition: all ease .3s;\r\n        border-radius: 30px;\r\n    }\r\n\r\n     .services_curvy1_22_1 .servicio-item .meta {\r\n        position: relative;\r\n    }\r\n\r\n    .services_curvy1_22_1 .servicio-item:not(:last-child)::after {\r\n        bottom: -8px;\r\n        width: calc(100% - 30px);\r\n        height: 1px;\r\n        left: 50%;\r\n        transform: translateX(-50%);\r\n        position: absolute;\r\n        background-color: var(--color-3-body-dark);\r\n        opacity: 0.5;\r\n        content: \"\";\r\n    }\r\n\r\n    .services_curvy1_22_1 .servicio-item:hover:not(:last-child)::after {\r\n        display: none;\r\n    }\r\n\r\n    .services_curvy1_22_1 .servicio-item {\r\n        position: relative;\r\n        position: relative;\r\n        display: block;\r\n        text-decoration: none;\r\n        border-radius: 30px;\r\n        transition: all ease .3s;\r\n        padding: 80px 90px 80px 90px;\r\n        margin-bottom: 15px;\r\n    }\r\n\r\n    .services_curvy1_22_1 .col-top {\r\n        max-width: 1079px;\r\n        margin: 0 auto;\r\n        padding-bottom: 70px;\r\n    }\r\n\r\n    .services_curvy1_22_1 h2 {\r\n        text-align: center;\r\n        padding-bottom: 25px;\r\n    }\r\n\r\n\r\n     .services_curvy1_22_1 {\r\n        padding: 80px 150px;\r\n    }\r\n\r\n    @media (max-width:1550px) {\r\n        .services_curvy1_22_1 {\r\n            padding: 80px 50px;\r\n        }\r\n    }\r\n\r\n    @media (max-width:1350px) {\r\n        .services_curvy1_22_1 {\r\n            padding: 80px 0;\r\n        }\r\n    }\r\n\r\n    @media (max-width:992px) {\r\n        .services_curvy1_22_1 .servicio-item {\r\n            padding-top: 100px;\r\n        }\r\n\r\n        .services_curvy1_22_1 {\r\n            padding: 40px 0;\r\n        }\r\n\r\n        .services_curvy1_22_1 .servicio-item h3 {\r\n            padding-bottom: 15px;\r\n        }\r\n\r\n        .services_curvy1_22_1 .col-top {\r\n            padding-bottom: 40px;\r\n        }\r\n\r\n    }\r\n\r\n    @media (max-width:768px) {\r\n        .services_curvy1_22_1 .servicio-item {\r\n            padding: 42px 30px;\r\n        }\r\n\r\n        .services_curvy1_22_1 .servicio-item h3 {\r\n            line-height: var(--tamano4-line-height);\r\n            font-size: var(--tamano5-font-size);\r\n        }\r\n    }\r\n<\/style>\r\n","protected":false},"excerpt":{"rendered":"","protected":false},"author":1,"featured_media":0,"parent":0,"menu_order":0,"comment_status":"open","ping_status":"closed","template":"","meta":{"_acf_changed":false,"iawp_total_views":0,"footnotes":""},"class_list":["post-424","page","type-page","status-publish","hentry"],"acf":[],"yoast_head":"<!-- This site is optimized with the Yoast SEO plugin v27.4 - https:\/\/yoast.com\/product\/yoast-seo-wordpress\/ -->\n<title>Adelina Barbero: Desarrollo Infantil y Psicolog\u00eda<\/title>\n<meta name=\"description\" content=\"Programas personalizados de desarrollo infantil para ni\u00f1os y j\u00f3venes de 0 a 14 a\u00f1os con enfoque en crecimiento evolutivo y conductual.\" \/>\n<meta name=\"robots\" content=\"index, follow, max-snippet:-1, max-image-preview:large, max-video-preview:-1\" \/>\n<link rel=\"canonical\" href=\"https:\/\/infanciadesarrollocrecimiento.com\/ca\/serveis\/\" \/>\n<meta property=\"og:locale\" content=\"ca_ES\" \/>\n<meta property=\"og:type\" content=\"article\" \/>\n<meta property=\"og:title\" content=\"Adelina Barbero: Desarrollo Infantil y Psicolog\u00eda\" \/>\n<meta property=\"og:description\" content=\"Programas personalizados de desarrollo infantil para ni\u00f1os y j\u00f3venes de 0 a 14 a\u00f1os con enfoque en crecimiento evolutivo y conductual.\" \/>\n<meta property=\"og:url\" content=\"https:\/\/infanciadesarrollocrecimiento.com\/ca\/serveis\/\" \/>\n<meta property=\"og:site_name\" content=\"Adelina Barbero\" \/>\n<meta property=\"article:modified_time\" content=\"2025-06-23T16:48:35+00:00\" \/>\n<meta name=\"twitter:card\" content=\"summary_large_image\" \/>\n<!-- \/ Yoast SEO plugin. -->","yoast_head_json":{"title":"Adelina Barbero: Desarrollo Infantil y Psicolog\u00eda","description":"Programas personalizados de desarrollo infantil para ni\u00f1os y j\u00f3venes de 0 a 14 a\u00f1os con enfoque en crecimiento evolutivo y conductual.","robots":{"index":"index","follow":"follow","max-snippet":"max-snippet:-1","max-image-preview":"max-image-preview:large","max-video-preview":"max-video-preview:-1"},"canonical":"https:\/\/infanciadesarrollocrecimiento.com\/ca\/serveis\/","og_locale":"ca_ES","og_type":"article","og_title":"Adelina Barbero: Desarrollo Infantil y Psicolog\u00eda","og_description":"Programas personalizados de desarrollo infantil para ni\u00f1os y j\u00f3venes de 0 a 14 a\u00f1os con enfoque en crecimiento evolutivo y conductual.","og_url":"https:\/\/infanciadesarrollocrecimiento.com\/ca\/serveis\/","og_site_name":"Adelina Barbero","article_modified_time":"2025-06-23T16:48:35+00:00","twitter_card":"summary_large_image","schema":{"@context":"https:\/\/schema.org","@graph":[{"@type":"WebPage","@id":"https:\/\/infanciadesarrollocrecimiento.com\/ca\/serveis\/","url":"https:\/\/infanciadesarrollocrecimiento.com\/ca\/serveis\/","name":"Adelina Barbero: Desarrollo Infantil y Psicolog\u00eda","isPartOf":{"@id":"https:\/\/infanciadesarrollocrecimiento.com\/ca\/#website"},"datePublished":"2025-02-03T16:46:06+00:00","dateModified":"2025-06-23T16:48:35+00:00","description":"Programas personalizados de desarrollo infantil para ni\u00f1os y j\u00f3venes de 0 a 14 a\u00f1os con enfoque en crecimiento evolutivo y conductual.","breadcrumb":{"@id":"https:\/\/infanciadesarrollocrecimiento.com\/ca\/serveis\/#breadcrumb"},"inLanguage":"ca","potentialAction":[{"@type":"ReadAction","target":["https:\/\/infanciadesarrollocrecimiento.com\/ca\/serveis\/"]}]},{"@type":"BreadcrumbList","@id":"https:\/\/infanciadesarrollocrecimiento.com\/ca\/serveis\/#breadcrumb","itemListElement":[{"@type":"ListItem","position":1,"name":"Portada","item":"https:\/\/infanciadesarrollocrecimiento.com\/ca\/"},{"@type":"ListItem","position":2,"name":"Serveis"}]},{"@type":"WebSite","@id":"https:\/\/infanciadesarrollocrecimiento.com\/ca\/#website","url":"https:\/\/infanciadesarrollocrecimiento.com\/ca\/","name":"Adelina Barbero","description":"","publisher":{"@id":"https:\/\/infanciadesarrollocrecimiento.com\/ca\/#organization"},"potentialAction":[{"@type":"SearchAction","target":{"@type":"EntryPoint","urlTemplate":"https:\/\/infanciadesarrollocrecimiento.com\/ca\/?s={search_term_string}"},"query-input":{"@type":"PropertyValueSpecification","valueRequired":true,"valueName":"search_term_string"}}],"inLanguage":"ca"},{"@type":"Organization","@id":"https:\/\/infanciadesarrollocrecimiento.com\/ca\/#organization","name":"Adelina Barbero","url":"https:\/\/infanciadesarrollocrecimiento.com\/ca\/","logo":{"@type":"ImageObject","inLanguage":"ca","@id":"https:\/\/infanciadesarrollocrecimiento.com\/ca\/#\/schema\/logo\/image\/","url":"https:\/\/infanciadesarrollocrecimiento.com\/wp-content\/uploads\/2025\/02\/67a0b21d482ef_desarrollo_y_crecimiento__2_-removebg-preview.png","contentUrl":"https:\/\/infanciadesarrollocrecimiento.com\/wp-content\/uploads\/2025\/02\/67a0b21d482ef_desarrollo_y_crecimiento__2_-removebg-preview.png","width":167,"height":22,"caption":"Adelina Barbero"},"image":{"@id":"https:\/\/infanciadesarrollocrecimiento.com\/ca\/#\/schema\/logo\/image\/"}}]}},"_links":{"self":[{"href":"https:\/\/infanciadesarrollocrecimiento.com\/ca\/wp-json\/wp\/v2\/pages\/424","targetHints":{"allow":["GET"]}}],"collection":[{"href":"https:\/\/infanciadesarrollocrecimiento.com\/ca\/wp-json\/wp\/v2\/pages"}],"about":[{"href":"https:\/\/infanciadesarrollocrecimiento.com\/ca\/wp-json\/wp\/v2\/types\/page"}],"author":[{"embeddable":true,"href":"https:\/\/infanciadesarrollocrecimiento.com\/ca\/wp-json\/wp\/v2\/users\/1"}],"replies":[{"embeddable":true,"href":"https:\/\/infanciadesarrollocrecimiento.com\/ca\/wp-json\/wp\/v2\/comments?post=424"}],"version-history":[{"count":8,"href":"https:\/\/infanciadesarrollocrecimiento.com\/ca\/wp-json\/wp\/v2\/pages\/424\/revisions"}],"predecessor-version":[{"id":1355,"href":"https:\/\/infanciadesarrollocrecimiento.com\/ca\/wp-json\/wp\/v2\/pages\/424\/revisions\/1355"}],"wp:attachment":[{"href":"https:\/\/infanciadesarrollocrecimiento.com\/ca\/wp-json\/wp\/v2\/media?parent=424"}],"curies":[{"name":"wp","href":"https:\/\/api.w.org\/{rel}","templated":true}]}}