{"id":423,"date":"2025-02-03T16:46:16","date_gmt":"2025-02-03T16:46:16","guid":{"rendered":"https:\/\/infanciadesarrollocrecimiento.com\/metodologia\/"},"modified":"2025-06-20T11:48:07","modified_gmt":"2025-06-20T11:48:07","slug":"metodologia","status":"publish","type":"page","link":"https:\/\/infanciadesarrollocrecimiento.com\/ca\/serveis\/metodologia\/","title":{"rendered":"Metodologia"},"content":{"rendered":"<section class=\"header_15_2\" id=\"\" style=\"background-image:url('https:\/\/infanciadesarrollocrecimiento.com\/wp-content\/uploads\/2025\/06\/IMG_20240723_100732-scaled.jpg');\"\r\n    aria-label=\"Creixement i desenvolupament infantil explicat\" data-block-id=\"69e10d8a9145c69e10d8a9145d\" data-block-name=\"acf\/header-15-2\" data-post-id=\"423\" data-stable-id=\"block_3c928bfa07e28a216083a4a395cb533e\">\r\n    <div class=\"mask\"><\/div>\r\n    <div class=\"container\" data-aos=\"fade-up\">\r\n        <div class=\"row\">\r\n            <div class=\"col \">\r\n                                <h1 class=\"tamano2 color-2-headings-light\">Metodologia<\/h1>\r\n                                            <\/div>\r\n        <\/div>\r\n    <\/div>\r\n<\/section>\r\n<style>\r\n    .header_15_2 .col {\r\n        max-width: 895px;\r\n    }\r\n\r\n    .header_15_2 .mask {\r\n        background: rgba(18, 18, 18, 0.50);\r\n        \/* background: rgba(255, 255, 255, 0.50); *\/\r\n        position: absolute;\r\n        top: 0;\r\n        left: 0;\r\n        width: 100%;\r\n        height: 100%;\r\n    }\r\n\r\n    .header_15_2 h1 {\r\n        padding-bottom: 25px;\r\n    }\r\n\r\n    .header_15_2 {\r\n        position: relative;\r\n        min-height: 500px;\r\n        background-position: center;\r\n        background-repeat: no-repeat;\r\n        background-size: cover;\r\n        padding: 150px 0;\r\n        display: flex;\r\n        align-items: center;\r\n        padding-top: 195px\r\n    }\r\n\r\n    .header_15_2-center {\r\n        text-align: center;\r\n        margin: 0 auto;\r\n    }\r\n\r\n    @media (max-width:992px) {\r\n        .header_15_2 {\r\n            padding: 100px 0;\r\n            min-height: auto;\r\n        }\r\n    }\r\n\r\n    @media (max-width:768px) {\r\n        .header_15_2 h1 {\r\n            line-height: var(--tamano3-line-height);\r\n        }\r\n\r\n        .header_15_2 {\r\n            padding: 180px 0 100px;\r\n        }\r\n    }\r\n<\/style>\r\n\n\n<section class=\"custom_1_1 background-1-light\" data-block-id=\"69e10d8a9364869e10d8a93649\" data-block-name=\"acf\/custom-1-1\" data-post-id=\"423\" data-stable-id=\"block_9295f2388c581b74e50a4391a3b029ff\">\r\n    <div class=\"container\">\r\n        <div class=\"row\">\r\n            <div class=\"col\">\r\n                <div class=\"texto tamano7\"><div class=\"intercom-interblocks-paragraph intercom-interblocks-align-left\">\n<h1><span style=\"font-size: 44px;\">M\u00c8TODE CEMEDETE<\/span><\/h1>\n<p style=\"text-align: left;\">L\u2019any 1967, un grup de professionals (metges, psic\u00f2legs, pedagogs, logopedes, psicomotricistes,&#8230;) dirigits pel <strong>Dr. Jos\u00e9 Moy\u00e1 Trilla<\/strong> es reuneix al voltant d\u2019un ideal m\u00e8dic, ps\u00edquic i pedag\u00f2gic que pret\u00e9n optimitzar el desenvolupament de totes les capacitats gen\u00e8tiques de cada nen i nena, sigui quin sigui el seu diagn\u00f2stic cl\u00ednic.<\/p>\n<\/div>\n<div class=\"intercom-interblocks-paragraph intercom-interblocks-align-left\" style=\"text-align: left;\">\n<p>Aquell grup de somiadors del segle passat va ser el creador de la <strong>TEORIA DELS NIVELLS HARM\u00d2NICS DEL DESENVOLUPAMENT<\/strong>.<\/p>\n<\/div>\n<div class=\"intercom-interblocks-paragraph intercom-interblocks-align-left\" style=\"text-align: left;\">\n<p>El <strong>M\u00e8tode CEMEDETE<\/strong>, com \u00e9s conegut popularment, va abordar la problem\u00e0tica dels nens i nenes des de l\u2019estudi de l\u2019estructura de la identitat personal del subjecte i la seva evoluci\u00f3 al llarg del desenvolupament, i no des del seu diagn\u00f2stic cl\u00ednic ni la seva identitat estad\u00edstica, especialment en s\u00edndromes tan coneguts com el s\u00edndrome de Down, l\u2019autisme, les crisis del sistema nervi\u00f3s, la hiperactivitat&#8230; etc. Va tenir tant d\u2019\u00e8xit en aquella societat que algunes fam\u00edlies amb fills i filles absolutament normals van comen\u00e7ar a interessar-se per aquest m\u00e8tode d\u2019estimulaci\u00f3 i motivaci\u00f3, per tal d\u2019assolir el millor desenvolupament evolutiu, fos quina fos la condici\u00f3 gen\u00e8tica de partida.<\/p>\n<\/div>\n<div class=\"intercom-interblocks-paragraph intercom-interblocks-align-left\" style=\"text-align: left;\">\n<p>Nosaltres donem molta import\u00e0ncia a<strong> l\u2019espai col\u00b7loquia<\/strong>l en qu\u00e8 es produeix el fenomen evolutiu de tots els nadons humans (vincle, afecte, fam\u00edlia, entorn), i tamb\u00e9 considerem fonamental con\u00e8ixer <strong>el nivell de desenvolupament<\/strong> que presenta el cervell del nen o nena.<\/p>\n<\/div>\n<div class=\"intercom-interblocks-paragraph intercom-interblocks-align-left\" style=\"text-align: left;\">\n<p>El nostre projecte consisteix a <strong>optimitzar<\/strong>, tant com sigui possible, el nivell de desenvolupament harm\u00f2nic final de totes les capacitats del nen o nena.<\/p>\n<\/div>\n<div class=\"intercom-interblocks-paragraph intercom-interblocks-align-left\" style=\"text-align: left;\">\n<p>Davant de cada situaci\u00f3 individual, la nostra proposta d\u2019intervenci\u00f3 per abordar el desenvolupament t\u00e9 en compte els punts seg\u00fcents:<\/p>\n<\/div>\n<div class=\"intercom-interblocks-paragraph intercom-interblocks-align-left\" style=\"text-align: left;\">\n<p>1.- Fer un diagn\u00f2stic de desenvolupament psicoevolutiu de cadascun per determinar les condicions maduratives.<\/p>\n<\/div>\n<div class=\"intercom-interblocks-paragraph intercom-interblocks-align-left\" style=\"text-align: left;\">\n<p>2.- Fer un diagn\u00f2stic de posici\u00f3 evolutiva per establir<strong> el nivell de desenvolupament<\/strong> que presenta el nen o la nena, segons la Teoria dels Nivells Harm\u00f2nics del Desenvolupament (M\u00e8tode CEMEDETE).<\/p>\n<\/div>\n<div class=\"intercom-interblocks-paragraph intercom-interblocks-align-left\" style=\"text-align: left;\">\n<p>3.- Con\u00e8ixer el parentograma familiar i l\u2019enclavament psicoafectiu on el nen o la nena viu el seu <strong>espai col\u00b7loquial<\/strong>.<\/p>\n<\/div>\n<div class=\"intercom-interblocks-paragraph intercom-interblocks-align-left\" style=\"text-align: left;\">\n<p>4.- Elaboraci\u00f3 d\u2019un programa terap\u00e8utic educatiu basat en\u00a0:<\/p>\n<\/div>\n<div class=\"intercom-interblocks-paragraph intercom-interblocks-align-left\" style=\"text-align: left;\">\n<ul style=\"list-style-type: circle;\">\n<li>Orientaci\u00f3 i acompanyament a les fam\u00edlies (<strong>assessoria On-line<\/strong>).<\/li>\n<li>Consells t\u00e8cnics d\u2019aplicaci\u00f3 terap\u00e8utica (<strong>t\u00e8cniques d\u2019activaci\u00f3 harm\u00f2nica<\/strong>).<\/li>\n<\/ul>\n<\/div>\n<div class=\"intercom-interblocks-paragraph intercom-interblocks-align-left\">\n<p>Aquest programa s\u2019aplica de forma individual tenint en compte el sistema familiar, segons cada cas i cada situaci\u00f3 particular.<\/p>\n<p>&nbsp;<\/p>\n<p>&nbsp;<\/p>\n<p>&nbsp;<\/p>\n<p>&nbsp;<\/p>\n<p>&nbsp;<\/p>\n<\/div>\n<\/div>\r\n            <\/div>\r\n        <\/div>\r\n    <\/div>\r\n<\/section>\r\n<style>\r\n    .custom_1_1 {\r\n        padding: 80px 0;\r\n        margin-top: -1px;\r\n    }\r\n    .custom_1_1 .texto p[style*=\"text-align: center\"] img{\r\n       margin:0 auto;\r\n       margin-bottom:30px;\r\n    }\r\n    .custom_1_1 .texto {\r\n        color: var(--color-1-body-dark);\r\n        line-height: 1.25;\r\n    }\r\n\r\n    @media (max-width:992px) {\r\n        .custom_1_1 {\r\n            padding: 40px 0;\r\n        }\r\n    }\r\n<\/style>\r\n\n\n<section class=\"cta_curvy1_3_1_2 background-1-light\" id=\"\" data-block-id=\"69e10d8a942be69e10d8a942bf\" data-block-name=\"acf\/cta-curvy1-3-1-2\" data-post-id=\"423\" data-stable-id=\"block_693c8fb1e62961106d15b977b36b4f05\">\r\n    <div class=\"container\">\r\n        <div class=\"row\">\r\n            <div class=\"col\">\r\n                <div class=\"inner background-1-dark\">\r\n                                        <div class=\"titulo\">\r\n                        <h2 class=\"tamano3 color-2-headings-light\">CREIXEMENT INFANTIL<\/h2>\r\n                    <\/div>\r\n                                                            <div class=\"texto color-2-body-light tamano7\"><p>Exploracions precises, diagn\u00f2stics encertats i programes terap\u00e8utics personalitzats per al desenvolupament durant la inf\u00e0ncia, per acompanyar els canvis en l\u2019adolesc\u00e8ncia i donar suport a les fam\u00edlies en el seu proc\u00e9s de creixement.<\/p>\n<p>&nbsp;<\/p>\n<p>&nbsp;<\/p>\n<p>&nbsp;<\/p>\n<p>&nbsp;<\/p>\n<p>&nbsp;<\/p>\n<\/div>\r\n                                                                <div class=\"ctas\">\r\n                                                            <a href=\"https:\/\/infanciadesarrollocrecimiento.com\/ca\/servicios\/\" target=\"\" class=\"btn-round tamano-7-mediumcta color-boton-3-texto-normal color-boton-3-texto-hover color-boton-3-normal color-boton-3-hover\">\r\n    \r\n    <span>Descobreix m\u00e9s<\/span>\r\n<\/a>\r\n\r\n<style>\r\n    .btn-border-rounded {\r\n        border-radius: 12px !important;\r\n    }\r\n\r\n    .btn-border-square {\r\n        border-radius: 0 !important;\r\n    }\r\n\r\n    \/* Estilos de hover *\/\r\n    .btn-hover-hover1:hover {\r\n        filter: contrast(0.55);\r\n    }\r\n\r\n    .btn-hover-hover2:hover {\r\n        filter: sepia(2);\r\n    }\r\n\r\n    \/* Estilos del icono cuando existe *\/\r\n    a i {\r\n        margin-right: 8px;\r\n        font-size: 16px;\r\n    }\r\n\r\n    \/* Icono Lucide *\/\r\n    .btn-icon--lucide {\r\n        display: inline-flex;\r\n        align-items: center;\r\n        justify-content: center;\r\n        margin-right: 8px;\r\n    }\r\n\r\n    .btn-icon--lucide svg {\r\n        width: 16px;\r\n        height: 16px;\r\n        display: block;\r\n    }\r\n<\/style>\r\n                                                    <\/div>\r\n                                    <\/div>\r\n            <\/div>\r\n        <\/div>\r\n    <\/div>\r\n<\/section>\r\n<style>\r\n    .cta_curvy1_3_1_2 .inner {\r\n        display: flex;\r\n        gap: 30px;\r\n        border-radius: 30px;\r\n        align-items: center;\r\n        padding: 55px 150px;\r\n        justify-content: space-between;\r\n    }\r\n\r\n     .cta_curvy1_3_1_2 .titulo {\r\n        max-width: 430px;\r\n        width: 100%;\r\n    }\r\n\r\n    .cta_curvy1_3_1_2 .texto {\r\n        max-width: 660px;\r\n        text-align: left;\r\n        width: 100%;\r\n    }\r\n\r\n    .cta_curvy1_3_1_2 {\r\n        padding: 80px 0;\r\n        position: relative;\r\n    }\r\n\r\n    .cta_curvy1_3_1_2 .btn-round {\r\n        border-radius: 60px;\r\n        padding: 15px 30px;\r\n        display: inline-block;\r\n        text-align: center;\r\n        transition: all ease .3s;\r\n        text-decoration: none;\r\n        min-width: 278px;\r\n        display: flex;\r\n        align-items: center;\r\n        justify-content: center;\r\n    }\r\n\r\n    @media (max-width:1750px) {\r\n        .cta_curvy1_3_1_2 .texto {\r\n            max-width: 500px;\r\n        }\r\n    }\r\n\r\n    @media (max-width:1600px) {\r\n        .cta_curvy1_3_1_2 .inner {\r\n            padding-left: 50px;\r\n            padding-right: 50px;\r\n        }\r\n    }\r\n\r\n    @media (max-width:1400px) {\r\n        .cta_curvy1_3_1_2 .texto {\r\n            max-width: 100%;\r\n        }\r\n\r\n        .cta_curvy1_3_1_2 .titulo {\r\n            width: 100%;\r\n        }\r\n    }\r\n\r\n    @media (max-width:1200px) {\r\n        .cta_curvy1_3_1_2 .inner {\r\n            padding-left: 15px;\r\n            padding-right: 15px;\r\n        }\r\n    }\r\n\r\n    @media (max-width:992px) {\r\n        .cta_curvy1_3_1_2 .col .inner {\r\n            border-radius: 30px;\r\n            flex-direction: column;\r\n            align-items: center;\r\n            justify-content: center;\r\n        }\r\n\r\n         .cta_curvy1_3_1_2 .col .inner>* {\r\n            width: 100%;\r\n            max-width: 100%;\r\n            text-align: left;\r\n        }\r\n\r\n        .cta_curvy1_3_1_2 .inner {\r\n            padding: 33px 23px;\r\n        }\r\n\r\n        .cta_curvy1_3_1_2 .col .ctas {\r\n            display: flex;\r\n            align-items: center;\r\n            justify-content: start;\r\n        }\r\n\r\n        .cta_curvy1_3_1_2 .col {\r\n            flex-direction: column;\r\n            justify-content: center;\r\n            align-items: center;\r\n        }\r\n\r\n        .cta_curvy1_3_1_2 {\r\n            padding: 40px 0;\r\n        }\r\n\r\n        .cta_curvy1_3_1_2 .btn-round {\r\n            min-width: 240px\r\n        }\r\n\r\n        .cta_curvy1_3_1_2 .titulo h2 {\r\n            line-height: var(--tamano5-line-height);\r\n        }\r\n    }\r\n<\/style>\r\n","protected":false},"excerpt":{"rendered":"","protected":false},"author":1,"featured_media":1231,"parent":424,"menu_order":0,"comment_status":"open","ping_status":"closed","template":"","meta":{"_acf_changed":false,"iawp_total_views":0,"footnotes":""},"class_list":["post-423","page","type-page","status-publish","has-post-thumbnail","hentry"],"acf":[],"yoast_head":"<!-- This site is optimized with the Yoast SEO plugin v27.4 - https:\/\/yoast.com\/product\/yoast-seo-wordpress\/ -->\n<title>Psicolog\u00eda Infantil - Adelina Barbero<\/title>\n<meta name=\"description\" content=\"Impulsa el desarrollo integral de tus hijos con Adelina Barbero, experta en diagn\u00f3sticos y programas personalizados para ni\u00f1os de 0 a 14 a\u00f1os.\" \/>\n<meta name=\"robots\" content=\"index, follow, max-snippet:-1, max-image-preview:large, max-video-preview:-1\" \/>\n<link rel=\"canonical\" href=\"https:\/\/infanciadesarrollocrecimiento.com\/ca\/serveis\/metodologia\/\" \/>\n<meta property=\"og:locale\" content=\"ca_ES\" \/>\n<meta property=\"og:type\" content=\"article\" \/>\n<meta property=\"og:title\" content=\"Psicolog\u00eda Infantil - Adelina Barbero\" \/>\n<meta property=\"og:description\" content=\"Impulsa el desarrollo integral de tus hijos con Adelina Barbero, experta en diagn\u00f3sticos y programas personalizados para ni\u00f1os de 0 a 14 a\u00f1os.\" \/>\n<meta property=\"og:url\" content=\"https:\/\/infanciadesarrollocrecimiento.com\/ca\/serveis\/metodologia\/\" \/>\n<meta property=\"og:site_name\" content=\"Adelina Barbero\" \/>\n<meta property=\"article:modified_time\" content=\"2025-06-20T11:48:07+00:00\" \/>\n<meta property=\"og:image\" content=\"https:\/\/infanciadesarrollocrecimiento.com\/wp-content\/uploads\/2025\/06\/image00117-scaled.jpeg\" \/>\n\t<meta property=\"og:image:width\" content=\"2560\" \/>\n\t<meta property=\"og:image:height\" content=\"1707\" \/>\n\t<meta property=\"og:image:type\" content=\"image\/jpeg\" \/>\n<meta name=\"twitter:card\" content=\"summary_large_image\" \/>\n<meta name=\"twitter:label1\" content=\"Temps estimat de lectura\" \/>\n\t<meta name=\"twitter:data1\" content=\"1 minut\" \/>\n<!-- \/ Yoast SEO plugin. -->","yoast_head_json":{"title":"Psicolog\u00eda Infantil - Adelina Barbero","description":"Impulsa el desarrollo integral de tus hijos con Adelina Barbero, experta en diagn\u00f3sticos y programas personalizados para ni\u00f1os de 0 a 14 a\u00f1os.","robots":{"index":"index","follow":"follow","max-snippet":"max-snippet:-1","max-image-preview":"max-image-preview:large","max-video-preview":"max-video-preview:-1"},"canonical":"https:\/\/infanciadesarrollocrecimiento.com\/ca\/serveis\/metodologia\/","og_locale":"ca_ES","og_type":"article","og_title":"Psicolog\u00eda Infantil - Adelina Barbero","og_description":"Impulsa el desarrollo integral de tus hijos con Adelina Barbero, experta en diagn\u00f3sticos y programas personalizados para ni\u00f1os de 0 a 14 a\u00f1os.","og_url":"https:\/\/infanciadesarrollocrecimiento.com\/ca\/serveis\/metodologia\/","og_site_name":"Adelina Barbero","article_modified_time":"2025-06-20T11:48:07+00:00","og_image":[{"width":2560,"height":1707,"url":"https:\/\/infanciadesarrollocrecimiento.com\/wp-content\/uploads\/2025\/06\/image00117-scaled.jpeg","type":"image\/jpeg"}],"twitter_card":"summary_large_image","twitter_misc":{"Temps estimat de lectura":"1 minut"},"schema":{"@context":"https:\/\/schema.org","@graph":[{"@type":"WebPage","@id":"https:\/\/infanciadesarrollocrecimiento.com\/ca\/serveis\/metodologia\/","url":"https:\/\/infanciadesarrollocrecimiento.com\/ca\/serveis\/metodologia\/","name":"Psicolog\u00eda Infantil - Adelina Barbero","isPartOf":{"@id":"https:\/\/infanciadesarrollocrecimiento.com\/ca\/#website"},"primaryImageOfPage":{"@id":"https:\/\/infanciadesarrollocrecimiento.com\/ca\/serveis\/metodologia\/#primaryimage"},"image":{"@id":"https:\/\/infanciadesarrollocrecimiento.com\/ca\/serveis\/metodologia\/#primaryimage"},"thumbnailUrl":"https:\/\/infanciadesarrollocrecimiento.com\/wp-content\/uploads\/2025\/06\/image00117-scaled.jpeg","datePublished":"2025-02-03T16:46:16+00:00","dateModified":"2025-06-20T11:48:07+00:00","description":"Impulsa el desarrollo integral de tus hijos con Adelina Barbero, experta en diagn\u00f3sticos y programas personalizados para ni\u00f1os de 0 a 14 a\u00f1os.","breadcrumb":{"@id":"https:\/\/infanciadesarrollocrecimiento.com\/ca\/serveis\/metodologia\/#breadcrumb"},"inLanguage":"ca","potentialAction":[{"@type":"ReadAction","target":["https:\/\/infanciadesarrollocrecimiento.com\/ca\/serveis\/metodologia\/"]}]},{"@type":"ImageObject","inLanguage":"ca","@id":"https:\/\/infanciadesarrollocrecimiento.com\/ca\/serveis\/metodologia\/#primaryimage","url":"https:\/\/infanciadesarrollocrecimiento.com\/wp-content\/uploads\/2025\/06\/image00117-scaled.jpeg","contentUrl":"https:\/\/infanciadesarrollocrecimiento.com\/wp-content\/uploads\/2025\/06\/image00117-scaled.jpeg","width":2560,"height":1707},{"@type":"BreadcrumbList","@id":"https:\/\/infanciadesarrollocrecimiento.com\/ca\/serveis\/metodologia\/#breadcrumb","itemListElement":[{"@type":"ListItem","position":1,"name":"Portada","item":"https:\/\/infanciadesarrollocrecimiento.com\/ca\/"},{"@type":"ListItem","position":2,"name":"Serveis","item":"https:\/\/infanciadesarrollocrecimiento.com\/ca\/serveis\/"},{"@type":"ListItem","position":3,"name":"Metodologia"}]},{"@type":"WebSite","@id":"https:\/\/infanciadesarrollocrecimiento.com\/ca\/#website","url":"https:\/\/infanciadesarrollocrecimiento.com\/ca\/","name":"Adelina Barbero","description":"","publisher":{"@id":"https:\/\/infanciadesarrollocrecimiento.com\/ca\/#organization"},"potentialAction":[{"@type":"SearchAction","target":{"@type":"EntryPoint","urlTemplate":"https:\/\/infanciadesarrollocrecimiento.com\/ca\/?s={search_term_string}"},"query-input":{"@type":"PropertyValueSpecification","valueRequired":true,"valueName":"search_term_string"}}],"inLanguage":"ca"},{"@type":"Organization","@id":"https:\/\/infanciadesarrollocrecimiento.com\/ca\/#organization","name":"Adelina Barbero","url":"https:\/\/infanciadesarrollocrecimiento.com\/ca\/","logo":{"@type":"ImageObject","inLanguage":"ca","@id":"https:\/\/infanciadesarrollocrecimiento.com\/ca\/#\/schema\/logo\/image\/","url":"https:\/\/infanciadesarrollocrecimiento.com\/wp-content\/uploads\/2025\/02\/67a0b21d482ef_desarrollo_y_crecimiento__2_-removebg-preview.png","contentUrl":"https:\/\/infanciadesarrollocrecimiento.com\/wp-content\/uploads\/2025\/02\/67a0b21d482ef_desarrollo_y_crecimiento__2_-removebg-preview.png","width":167,"height":22,"caption":"Adelina Barbero"},"image":{"@id":"https:\/\/infanciadesarrollocrecimiento.com\/ca\/#\/schema\/logo\/image\/"}}]}},"_links":{"self":[{"href":"https:\/\/infanciadesarrollocrecimiento.com\/ca\/wp-json\/wp\/v2\/pages\/423","targetHints":{"allow":["GET"]}}],"collection":[{"href":"https:\/\/infanciadesarrollocrecimiento.com\/ca\/wp-json\/wp\/v2\/pages"}],"about":[{"href":"https:\/\/infanciadesarrollocrecimiento.com\/ca\/wp-json\/wp\/v2\/types\/page"}],"author":[{"embeddable":true,"href":"https:\/\/infanciadesarrollocrecimiento.com\/ca\/wp-json\/wp\/v2\/users\/1"}],"replies":[{"embeddable":true,"href":"https:\/\/infanciadesarrollocrecimiento.com\/ca\/wp-json\/wp\/v2\/comments?post=423"}],"version-history":[{"count":12,"href":"https:\/\/infanciadesarrollocrecimiento.com\/ca\/wp-json\/wp\/v2\/pages\/423\/revisions"}],"predecessor-version":[{"id":1318,"href":"https:\/\/infanciadesarrollocrecimiento.com\/ca\/wp-json\/wp\/v2\/pages\/423\/revisions\/1318"}],"up":[{"embeddable":true,"href":"https:\/\/infanciadesarrollocrecimiento.com\/ca\/wp-json\/wp\/v2\/pages\/424"}],"wp:featuredmedia":[{"embeddable":true,"href":"https:\/\/infanciadesarrollocrecimiento.com\/ca\/wp-json\/wp\/v2\/media\/1231"}],"wp:attachment":[{"href":"https:\/\/infanciadesarrollocrecimiento.com\/ca\/wp-json\/wp\/v2\/media?parent=423"}],"curies":[{"name":"wp","href":"https:\/\/api.w.org\/{rel}","templated":true}]}}