{"id":419,"date":"2025-02-03T16:49:30","date_gmt":"2025-02-03T16:49:30","guid":{"rendered":"https:\/\/infanciadesarrollocrecimiento.com\/terapias-adultos\/"},"modified":"2025-06-23T16:34:43","modified_gmt":"2025-06-23T16:34:43","slug":"terapies-adults","status":"publish","type":"page","link":"https:\/\/infanciadesarrollocrecimiento.com\/ca\/serveis\/terapies-adults\/","title":{"rendered":"Ter\u00e0pies adults"},"content":{"rendered":"\n<p><\/p>\n\n\n\n<h5 class=\"wp-block-heading\"><\/h5>\n\n\n\n<p><\/p>\n\n\n\n<h5 class=\"wp-block-heading\"><\/h5>\n\n\n\n<h6 class=\"wp-block-heading\"><\/h6>\n\n\n\n<h5 class=\"wp-block-heading\"><\/h5>\n\n\n<section class=\"header_15_2\" id=\"\" style=\"background-image:url('https:\/\/infanciadesarrollocrecimiento.com\/wp-content\/uploads\/2025\/06\/image00316-scaled.jpeg');\"\r\n    aria-label=\"Ter\u00e0pia individual i benestar emocional\" data-block-id=\"69e10d5d9a1d669e10d5d9a1d7\" data-block-name=\"acf\/header-15-2\" data-post-id=\"419\" data-stable-id=\"block_4ead667e4c9d923fd89c966e85c32428\">\r\n    <div class=\"mask\"><\/div>\r\n    <div class=\"container\" data-aos=\"fade-up\">\r\n        <div class=\"row\">\r\n            <div class=\"col \">\r\n                                <h1 class=\"tamano2 color-2-headings-light\">Ter\u00e0pies adults<\/h1>\r\n                                            <\/div>\r\n        <\/div>\r\n    <\/div>\r\n<\/section>\r\n<style>\r\n    .header_15_2 .col {\r\n        max-width: 895px;\r\n    }\r\n\r\n    .header_15_2 .mask {\r\n        background: rgba(18, 18, 18, 0.50);\r\n        \/* background: rgba(255, 255, 255, 0.50); *\/\r\n        position: absolute;\r\n        top: 0;\r\n        left: 0;\r\n        width: 100%;\r\n        height: 100%;\r\n    }\r\n\r\n    .header_15_2 h1 {\r\n        padding-bottom: 25px;\r\n    }\r\n\r\n    .header_15_2 {\r\n        position: relative;\r\n        min-height: 500px;\r\n        background-position: center;\r\n        background-repeat: no-repeat;\r\n        background-size: cover;\r\n        padding: 150px 0;\r\n        display: flex;\r\n        align-items: center;\r\n        padding-top: 195px\r\n    }\r\n\r\n    .header_15_2-center {\r\n        text-align: center;\r\n        margin: 0 auto;\r\n    }\r\n\r\n    @media (max-width:992px) {\r\n        .header_15_2 {\r\n            padding: 100px 0;\r\n            min-height: auto;\r\n        }\r\n    }\r\n\r\n    @media (max-width:768px) {\r\n        .header_15_2 h1 {\r\n            line-height: var(--tamano3-line-height);\r\n        }\r\n\r\n        .header_15_2 {\r\n            padding: 180px 0 100px;\r\n        }\r\n    }\r\n<\/style>\r\n\n\n<section class=\"bloques_child_curvy1_2_1_3 background-1-light\"     original-block-id=\"block_d60e3fa24211dd2bb7e261e3df26eb34\" data-block-id=\"69e10d5d9c1df69e10d5d9c1e0\" data-block-name=\"acf\/services-child-curvy1-2-1-3\" data-post-id=\"419\" data-stable-id=\"block_d60e3fa24211dd2bb7e261e3df26eb34\">\r\n        <div class=\"subbloque_child_curvy1_2_1_3 \">\r\n        <div class=\"container\">\r\n            <div class=\"row\">\r\n                <div class=\"col col-imagen\">\r\n                                        <img decoding=\"async\" src=\"https:\/\/infanciadesarrollocrecimiento.com\/wp-content\/uploads\/2025\/06\/image00317-scaled.jpeg\"\r\n                        alt=\"Benestar emocional en la ter\u00e0pia d\u2019adults\"\r\n                        title=\"Ter\u00e0pies especialitzades per al creixement personal i la millora del benestar emocional de les persones adultes.\">\r\n                                    <\/div>\r\n                <div class=\"col col-texto\">\r\n\r\n                                        <h3 class=\"tamano3 color-1-headings-dark\">Sessions de ter\u00e0pia individual per a adults<\/h3>\r\n                    \r\n                    <!-- text paragraphs -->\r\n                                        <div class=\"texto tamano7 color-1-body-dark\" data-desactivar-leer-mas=\"0\">\r\n                        <span class=\"texto-corto\"><\/span>\r\n                        <span class=\"texto-completo\" style=\"display: none;\"><p>El primer pas per canviar una situaci\u00f3 personal que ens provoca dolor, ansietat, angoixa, tristesa cr\u00f2nica, r\u00e0bia, desordre afectiu\u2026 <strong>\u00e9s recon\u00e8ixer amb honestedat el que sentim i acceptar que necessitem un canvi, sense jutjar-nos per aix\u00f2<\/strong>.<\/p>\n<p>Nom\u00e9s a partir d\u2019aquesta presa de consci\u00e8ncia podem avan\u00e7ar cap al benestar i la transformaci\u00f3 personal.<br \/>\nEn aquest proc\u00e9s, resulta essencial analitzar els mecanismes interns de regulaci\u00f3 emocional i explorar la manera com hem viscut certes experi\u00e8ncies de vida que, malgrat el seu impacte, moltes vegades no es troben plenament integrades en la nostra mem\u00f2ria conscient.<\/p>\n<p>\u221a Intel\u00b7lig\u00e8ncia emocional<br data-start=\"24\" data-end=\"27\" \/>\u221a Gesti\u00f3 de les emocions<br data-start=\"51\" data-end=\"54\" \/>\u221a Ansietat i estr\u00e8s<br data-start=\"73\" data-end=\"76\" \/>\u221a Depressi\u00f3<br data-start=\"87\" data-end=\"90\" \/>\u221a Relacions i comunicaci\u00f3<br data-start=\"115\" data-end=\"118\" \/>\u221a Creixement personal i autoconeixement<br data-start=\"157\" data-end=\"160\" \/>\u221a Adaptaci\u00f3 als canvis de la vida<\/p><\/span>\r\n                    <\/div>\r\n                    <div class=\"vermas tamano7 boton-4-texto-normal\">\r\n                        <span class=\"mas tamano7 boton-4-texto-normal\">Llegir m\u00e9s<\/span>\r\n                        <span class=\"menos hide tamano7 boton-4-texto-normal\">Llegir menys<\/span>\r\n                        <svg class=\"icon-arrow\" width=\"13\" height=\"8\" viewBox=\"0 0 13 8\" fill=\"none\"\r\n                            xmlns=\"http:\/\/www.w3.org\/2000\/svg\">\r\n                            <path id=\"Vector 14\" d=\"M1 1L6.5 6.5L12 1\" stroke=\"#2B275C\" stroke-width=\"1.5\" \/>\r\n                        <\/svg>\r\n                    <\/div>\r\n                    \r\n                                        <a class=\"btn-round tamano-7-mediumcta color-boton-2-texto-normal color-boton-2-texto-hover color-boton-2-normal color-boton-2-hover\"\r\n                        href=\"https:\/\/infanciadesarrollocrecimiento.com\/ca\/contacto\/\" target=\"\">Contacta&#8217;ns<\/a>\r\n                    \r\n                <\/div>\r\n            <\/div>\r\n        <\/div>\r\n    <\/div>\r\n    <\/div>\r\n    <\/section>\r\n<style>\r\n    .bloques_child_curvy1_2_1_3 .subbloque_child_curvy1_2_1_3 .texto *:not(:last-child) {\r\n        padding-bottom: 20px;\r\n    }\r\n\r\n    .bloques_child_curvy1_2_1_3 .subbloque_child_curvy1_2_1_3 .texto {\r\n        padding-bottom: 35px;\r\n    }\r\n\r\n    .bloques_child_curvy1_2_1_3 .vermas svg path {\r\n        stroke: var(--boton-4-texto-normal);\r\n    }\r\n\r\n    .bloques_child_curvy1_2_1_3 .vermas .hide {\r\n        display: none;\r\n    }\r\n\r\n    .bloques_child_curvy1_2_1_3 .vermas.show svg {\r\n        transform: rotate(180deg);\r\n    }\r\n\r\n    .bloques_child_curvy1_2_1_3 .vermas {\r\n        display: flex;\r\n        align-items: center;\r\n        gap: 10px;\r\n        cursor: pointer;\r\n        margin-bottom: 20px;\r\n    }\r\n\r\n    .bloques_child_curvy1_2_1_3 .subbloque_child_curvy1_2_1_3 h3 {\r\n        padding-bottom: 25px;\r\n    }\r\n\r\n    .bloques_child_curvy1_2_1_3 .subbloque_child_curvy1_2_1_3 .row .col-texto {\r\n        width: 33.33%;\r\n    }\r\n\r\n    .bloques_child_curvy1_2_1_3 .subbloque_child_curvy1_2_1_3 .row .col-imagen img {\r\n        border-radius: 30px;\r\n    }\r\n\r\n     .bloques_child_curvy1_2_1_3 .subbloque_child_curvy1_2_1_3 .row .col-imagen .video {\r\n        width: 100%;\r\n        height: 100%;\r\n        overflow: hidden;\r\n        border-radius: 30px;\r\n    }\r\n\r\n     .bloques_child_curvy1_2_1_3 .subbloque_child_curvy1_2_1_3 .row .col-imagen .video iframe {\r\n        width: 100%;\r\n        height: 100%;\r\n        border: none;\r\n        min-height: 600px;\r\n    }\r\n\r\n     .bloques_child_curvy1_2_1_3 .subbloque_child_curvy1_2_1_3 .row .col-imagen {\r\n        width: 50%;\r\n    }\r\n\r\n    .bloques_child_curvy1_2_1_3 .subbloque_child_curvy1_2_1_3:nth-child(even) .row {\r\n        flex-direction: row-reverse;\r\n    }\r\n\r\n    .bloques_child_curvy1_2_1_3 .subbloque_child_curvy1_2_1_3:nth-child(2) {\r\n        background-color: var(--background-2-light);\r\n    }\r\n\r\n    .bloques_child_curvy1_2_1_3 .subbloque_child_curvy1_2_1_3 .row {\r\n        display: flex;\r\n        align-items: center;\r\n        gap: 8.33%;\r\n    }\r\n\r\n    .iconos_child_curvy1_2_1_3,\r\n    .bloques_child_curvy1_2_1_3 .subbloque_child_curvy1_2_1_3 {\r\n        padding: 80px 0;\r\n    }\r\n\r\n    .subbloque_child_curvy1_2_1_3 .btn-round {\r\n        border-radius: 60px;\r\n        padding: 12px 25px;\r\n        display: inline-block;\r\n        min-width: 175px;\r\n        text-align: center;\r\n        text-decoration: none;\r\n    }\r\n\r\n     .iconos_child_curvy1_2_1_3 .col-titulo h3 {\r\n        text-align: center;\r\n    }\r\n\r\n    .iconos_child_curvy1_2_1_3 .col-iconos .icono-item img {\r\n        max-width: 112px;\r\n        margin: 0 auto;\r\n    }\r\n\r\n    .iconos_child_curvy1_2_1_3 .col-iconos .icono-item .titulo {\r\n        text-align: center;\r\n    }\r\n\r\n    .iconos_child_curvy1_2_1_3 .col-iconos .icono-item {\r\n        display: flex;\r\n        flex-direction: column;\r\n        gap: 35px;\r\n        justify-content: center;\r\n        align-items: center;\r\n        width: calc(20% - 24px);\r\n    }\r\n\r\n    .iconos_child_curvy1_2_1_3 .col-iconos .icono-item .icono {\r\n        width: 60px;\r\n    }\r\n\r\n    .iconos_child_curvy1_2_1_3 .col-iconos {\r\n        display: flex;\r\n        align-items: flex-start;\r\n        flex-wrap: wrap;\r\n        gap: 30px;\r\n        justify-content: center;\r\n    }\r\n\r\n    .iconos_child_curvy1_2_1_3 .col-titulo {\r\n        padding-bottom: 80px;\r\n    }\r\n\r\n    @media (max-width:1550px) {\r\n        .bloques_child_curvy1_2_1_3 .subbloque_child_curvy1_2_1_3 .row {\r\n            gap: 75px;\r\n        }\r\n\r\n    }\r\n\r\n    @media (max-width:1350px) {\r\n        .bloques_child_curvy1_2_1_3 .subbloque_child_curvy1_2_1_3 .row .col-texto {\r\n            width: 50%;\r\n        }\r\n\r\n        .bloques_child_curvy1_2_1_3 .subbloque_child_curvy1_2_1_3 .row .col-imagen .video iframe {\r\n            min-height: 450px;\r\n        }\r\n    }\r\n\r\n    @media (max-width:1250px) {\r\n        .bloques_child_curvy1_2_1_3 .subbloque_child_curvy1_2_1_3 .row {\r\n            gap: 0;\r\n        }\r\n    }\r\n\r\n    @media (max-width:992px) {\r\n        .iconos_child_curvy1_2_1_3 .col-iconos .icono-item {\r\n            width: calc(50% - 15px);\r\n        }\r\n\r\n        .bloques_child_curvy1_2_1_3 .subbloque_child_curvy1_2_1_3 .row .col-imagen .video iframe {\r\n            min-height: 370px;\r\n        }\r\n\r\n        .bloques_child_curvy1_2_1_3 .subbloque_child_curvy1_2_1_3 .row>.col {\r\n            width: 100%;\r\n        }\r\n\r\n        .bloques_child_curvy1_2_1_3 .subbloque_child_curvy1_2_1_3:nth-child(even) .row,\r\n        .bloques_child_curvy1_2_1_3 .subbloque_child_curvy1_2_1_3 .row {\r\n            flex-direction: column;\r\n            gap: 30px;\r\n        }\r\n\r\n        .iconos_child_curvy1_2_1_3,\r\n        .bloques_child_curvy1_2_1_3 .subbloque_child_curvy1_2_1_3 {\r\n            padding: 40px 0;\r\n        }\r\n\r\n        .bloques_child_curvy1_2_1_3 .vermas span {\r\n            font-weight: var(--tamano4-font-weight);\r\n        }\r\n\r\n        .bloques_child_curvy1_2_1_3 .subbloque_child_curvy1_2_1_3 .texto {\r\n            padding-bottom: 0;\r\n        }\r\n\r\n        .bloques_child_curvy1_2_1_3 .vermas {\r\n            display: flex;\r\n            align-items: center;\r\n            gap: 10px;\r\n            cursor: pointer;\r\n            padding-top: 15px;\r\n        }\r\n\r\n\r\n        \/* .bloques_child_curvy1_2_1_3 .vermas {\r\n            padding-bottom: 35px;\r\n        } *\/\r\n\r\n        .iconos_child_curvy1_2_1_3 .col-titulo {\r\n            padding-bottom: 35px;\r\n        }\r\n    }\r\n\r\n    @media (max-width:768px) {\r\n        .bloques_child_curvy1_2_1_3 .subbloque_child_curvy1_2_1_3 .row .col-imagen .video iframe {\r\n            min-height: 310px;\r\n        }\r\n    }\r\n\r\n    @media (max-width:420px) {\r\n        .iconos_child_curvy1_2_1_3 .col-iconos .icono-item {\r\n            width: 100%;\r\n        }\r\n    }\r\n<\/style>\r\n<script>\r\n    jQuery(document).ready(function($) {\r\n        const $instance = $('.bloques_child_curvy1_2_1_3[original-block-id=\"block_d60e3fa24211dd2bb7e261e3df26eb34\"]');\r\n\r\n        if (!$instance.length) return;\r\n\r\n        const CONFIG_SCC1213 = {\r\n            limites: {\r\n                mobile: 300,\r\n                desktop: 600\r\n            },\r\n            breakpoint: 992\r\n        };\r\n\r\n        function truncarTextoEnUltimaPalabraSCC1213(texto, limite) {\r\n            if (texto.length <= limite) return texto;\r\n            const cortado = texto.substring(0, limite);\r\n            const ultimoEspacio = cortado.lastIndexOf(' ');\r\n            return (ultimoEspacio > limite * 0.8 ? cortado.substring(0, ultimoEspacio) : cortado) + '...';\r\n        }\r\n\r\n        function truncarHTMLSCC1213(html, limite) {\r\n            const $temp = $('<div>').html(html);\r\n            let chars = 0,\r\n                resultado = '';\r\n\r\n            function procesarNodoSCC1213(nodo) {\r\n                if (chars >= limite) return false;\r\n\r\n                if (nodo.nodeType === 3) {\r\n                    const texto = nodo.textContent || '';\r\n                    if (chars + texto.length <= limite) {\r\n                        resultado += texto;\r\n                        chars += texto.length;\r\n                    } else {\r\n                        resultado += truncarTextoEnUltimaPalabraSCC1213(texto, limite - chars);\r\n                        chars = limite;\r\n                        return false;\r\n                    }\r\n                } else if (nodo.nodeType === 1) {\r\n                    const $elem = $(nodo);\r\n                    const tag = nodo.tagName.toLowerCase();\r\n                    const textoElem = $elem.text();\r\n\r\n                    if (chars + textoElem.length <= limite) {\r\n                        resultado += $('<div>').append($elem.clone()).html();\r\n                        chars += textoElem.length;\r\n                    } else {\r\n                        const attrs = Array.from(nodo.attributes).map(a =>\r\n                            a.name + '=\"' + (a.value || '').replace(\/\"\/g, '&quot;') + '\"'\r\n                        ).join(' ');\r\n                        resultado += '<' + tag + (attrs ? ' ' + attrs : '') + '>';\r\n\r\n                        $elem.contents().each(function() {\r\n                            return procesarNodoSCC1213(this);\r\n                        });\r\n\r\n                        resultado += '<\/' + tag + '>';\r\n                        return false;\r\n                    }\r\n                }\r\n                return true;\r\n            }\r\n\r\n            $temp.contents().each(function() {\r\n                return procesarNodoSCC1213(this);\r\n            });\r\n\r\n            return resultado || truncarTextoEnUltimaPalabraSCC1213($temp.text(), limite);\r\n        }\r\n\r\n        function aplicarTruncadoSCC1213() {\r\n            $instance.find('.texto-completo').each(function() {\r\n                const $completo = $(this);\r\n                if ($completo.is(':visible')) return;\r\n\r\n                const $texto = $completo.closest('.texto');\r\n                const $corto = $completo.siblings('.texto-corto');\r\n                const $vermas = $completo.closest('.subbloque_child_curvy1_2_1_3').find('.vermas');\r\n\r\n                if (!$corto.length) return;\r\n\r\n                const html = $completo.html() || '';\r\n                const textoPlano = $completo.text() || '';\r\n                const esMobile = $(window).width() <= CONFIG_SCC1213.breakpoint;\r\n                const limite = esMobile ? CONFIG_SCC1213.limites.mobile : CONFIG_SCC1213.limites\r\n                    .desktop;\r\n                const desactivado = $texto.attr('data-desactivar-leer-mas') === '1';\r\n\r\n                if (desactivado) {\r\n                    if (!esMobile) {\r\n                        $corto.html(html).show();\r\n                        $vermas.hide();\r\n                        return;\r\n                    }\r\n                }\r\n\r\n                if (textoPlano.length > limite) {\r\n                    $corto.html(truncarHTMLSCC1213(html, limite)).show();\r\n                    $vermas.css('display', 'flex');\r\n                } else {\r\n                    $corto.html(html).show();\r\n                    $vermas.hide();\r\n                }\r\n            });\r\n        }\r\n\r\n        aplicarTruncadoSCC1213();\r\n        $(window).on('resize', aplicarTruncadoSCC1213);\r\n\r\n        $instance.on('click', '.vermas', function() {\r\n            const $btn = $(this);\r\n            const $texto = $btn.closest('.subbloque_child_curvy1_2_1_3').find('.texto');\r\n            const $corto = $texto.find('.texto-corto');\r\n            const $completo = $texto.find('.texto-completo');\r\n\r\n            if ($corto.is(':visible')) {\r\n                $corto.hide();\r\n                $completo.show();\r\n                $btn.addClass('show');\r\n            } else {\r\n                $completo.hide();\r\n                aplicarTruncadoSCC1213();\r\n                $btn.removeClass('show');\r\n            }\r\n\r\n            $btn.find('span').toggleClass('hide');\r\n        });\r\n    });\r\n<\/script>\r\n","protected":false},"excerpt":{"rendered":"","protected":false},"author":1,"featured_media":1155,"parent":424,"menu_order":0,"comment_status":"open","ping_status":"closed","template":"","meta":{"_acf_changed":false,"iawp_total_views":0,"footnotes":""},"class_list":["post-419","page","type-page","status-publish","has-post-thumbnail","hentry"],"acf":[],"yoast_head":"<!-- This site is optimized with the Yoast SEO plugin v27.4 - https:\/\/yoast.com\/product\/yoast-seo-wordpress\/ -->\n<title>Adelina Barbero: Desarrollo Infantil Expertos<\/title>\n<meta name=\"description\" content=\"Especialistas en diagn\u00f3sticos y programas de estimulaci\u00f3n para ni\u00f1os de 0 a 14 a\u00f1os. Acompa\u00f1amiento familiar para potenciar habilidades y bienestar infantil.\" \/>\n<meta name=\"robots\" content=\"index, follow, max-snippet:-1, max-image-preview:large, max-video-preview:-1\" \/>\n<link rel=\"canonical\" href=\"https:\/\/infanciadesarrollocrecimiento.com\/ca\/serveis\/terapies-adults\/\" \/>\n<meta property=\"og:locale\" content=\"ca_ES\" \/>\n<meta property=\"og:type\" content=\"article\" \/>\n<meta property=\"og:title\" content=\"Adelina Barbero: Desarrollo Infantil Expertos\" \/>\n<meta property=\"og:description\" content=\"Especialistas en diagn\u00f3sticos y programas de estimulaci\u00f3n para ni\u00f1os de 0 a 14 a\u00f1os. Acompa\u00f1amiento familiar para potenciar habilidades y bienestar infantil.\" \/>\n<meta property=\"og:url\" content=\"https:\/\/infanciadesarrollocrecimiento.com\/ca\/serveis\/terapies-adults\/\" \/>\n<meta property=\"og:site_name\" content=\"Adelina Barbero\" \/>\n<meta property=\"article:modified_time\" content=\"2025-06-23T16:34:43+00:00\" \/>\n<meta property=\"og:image\" content=\"https:\/\/infanciadesarrollocrecimiento.com\/wp-content\/uploads\/2025\/06\/image00316-scaled.jpeg\" \/>\n\t<meta property=\"og:image:width\" content=\"2560\" \/>\n\t<meta property=\"og:image:height\" content=\"1707\" \/>\n\t<meta property=\"og:image:type\" content=\"image\/jpeg\" \/>\n<meta name=\"twitter:card\" content=\"summary_large_image\" \/>\n<meta name=\"twitter:label1\" content=\"Temps estimat de lectura\" \/>\n\t<meta name=\"twitter:data1\" content=\"1 minut\" \/>\n<!-- \/ Yoast SEO plugin. -->","yoast_head_json":{"title":"Adelina Barbero: Desarrollo Infantil Expertos","description":"Especialistas en diagn\u00f3sticos y programas de estimulaci\u00f3n para ni\u00f1os de 0 a 14 a\u00f1os. Acompa\u00f1amiento familiar para potenciar habilidades y bienestar infantil.","robots":{"index":"index","follow":"follow","max-snippet":"max-snippet:-1","max-image-preview":"max-image-preview:large","max-video-preview":"max-video-preview:-1"},"canonical":"https:\/\/infanciadesarrollocrecimiento.com\/ca\/serveis\/terapies-adults\/","og_locale":"ca_ES","og_type":"article","og_title":"Adelina Barbero: Desarrollo Infantil Expertos","og_description":"Especialistas en diagn\u00f3sticos y programas de estimulaci\u00f3n para ni\u00f1os de 0 a 14 a\u00f1os. Acompa\u00f1amiento familiar para potenciar habilidades y bienestar infantil.","og_url":"https:\/\/infanciadesarrollocrecimiento.com\/ca\/serveis\/terapies-adults\/","og_site_name":"Adelina Barbero","article_modified_time":"2025-06-23T16:34:43+00:00","og_image":[{"width":2560,"height":1707,"url":"https:\/\/infanciadesarrollocrecimiento.com\/wp-content\/uploads\/2025\/06\/image00316-scaled.jpeg","type":"image\/jpeg"}],"twitter_card":"summary_large_image","twitter_misc":{"Temps estimat de lectura":"1 minut"},"schema":{"@context":"https:\/\/schema.org","@graph":[{"@type":"WebPage","@id":"https:\/\/infanciadesarrollocrecimiento.com\/ca\/serveis\/terapies-adults\/","url":"https:\/\/infanciadesarrollocrecimiento.com\/ca\/serveis\/terapies-adults\/","name":"Adelina Barbero: Desarrollo Infantil Expertos","isPartOf":{"@id":"https:\/\/infanciadesarrollocrecimiento.com\/ca\/#website"},"primaryImageOfPage":{"@id":"https:\/\/infanciadesarrollocrecimiento.com\/ca\/serveis\/terapies-adults\/#primaryimage"},"image":{"@id":"https:\/\/infanciadesarrollocrecimiento.com\/ca\/serveis\/terapies-adults\/#primaryimage"},"thumbnailUrl":"https:\/\/infanciadesarrollocrecimiento.com\/wp-content\/uploads\/2025\/06\/image00316-scaled.jpeg","datePublished":"2025-02-03T16:49:30+00:00","dateModified":"2025-06-23T16:34:43+00:00","description":"Especialistas en diagn\u00f3sticos y programas de estimulaci\u00f3n para ni\u00f1os de 0 a 14 a\u00f1os. Acompa\u00f1amiento familiar para potenciar habilidades y bienestar infantil.","breadcrumb":{"@id":"https:\/\/infanciadesarrollocrecimiento.com\/ca\/serveis\/terapies-adults\/#breadcrumb"},"inLanguage":"ca","potentialAction":[{"@type":"ReadAction","target":["https:\/\/infanciadesarrollocrecimiento.com\/ca\/serveis\/terapies-adults\/"]}]},{"@type":"ImageObject","inLanguage":"ca","@id":"https:\/\/infanciadesarrollocrecimiento.com\/ca\/serveis\/terapies-adults\/#primaryimage","url":"https:\/\/infanciadesarrollocrecimiento.com\/wp-content\/uploads\/2025\/06\/image00316-scaled.jpeg","contentUrl":"https:\/\/infanciadesarrollocrecimiento.com\/wp-content\/uploads\/2025\/06\/image00316-scaled.jpeg","width":2560,"height":1707},{"@type":"BreadcrumbList","@id":"https:\/\/infanciadesarrollocrecimiento.com\/ca\/serveis\/terapies-adults\/#breadcrumb","itemListElement":[{"@type":"ListItem","position":1,"name":"Portada","item":"https:\/\/infanciadesarrollocrecimiento.com\/ca\/"},{"@type":"ListItem","position":2,"name":"Serveis","item":"https:\/\/infanciadesarrollocrecimiento.com\/ca\/serveis\/"},{"@type":"ListItem","position":3,"name":"Ter\u00e0pies adults"}]},{"@type":"WebSite","@id":"https:\/\/infanciadesarrollocrecimiento.com\/ca\/#website","url":"https:\/\/infanciadesarrollocrecimiento.com\/ca\/","name":"Adelina Barbero","description":"","publisher":{"@id":"https:\/\/infanciadesarrollocrecimiento.com\/ca\/#organization"},"potentialAction":[{"@type":"SearchAction","target":{"@type":"EntryPoint","urlTemplate":"https:\/\/infanciadesarrollocrecimiento.com\/ca\/?s={search_term_string}"},"query-input":{"@type":"PropertyValueSpecification","valueRequired":true,"valueName":"search_term_string"}}],"inLanguage":"ca"},{"@type":"Organization","@id":"https:\/\/infanciadesarrollocrecimiento.com\/ca\/#organization","name":"Adelina Barbero","url":"https:\/\/infanciadesarrollocrecimiento.com\/ca\/","logo":{"@type":"ImageObject","inLanguage":"ca","@id":"https:\/\/infanciadesarrollocrecimiento.com\/ca\/#\/schema\/logo\/image\/","url":"https:\/\/infanciadesarrollocrecimiento.com\/wp-content\/uploads\/2025\/02\/67a0b21d482ef_desarrollo_y_crecimiento__2_-removebg-preview.png","contentUrl":"https:\/\/infanciadesarrollocrecimiento.com\/wp-content\/uploads\/2025\/02\/67a0b21d482ef_desarrollo_y_crecimiento__2_-removebg-preview.png","width":167,"height":22,"caption":"Adelina Barbero"},"image":{"@id":"https:\/\/infanciadesarrollocrecimiento.com\/ca\/#\/schema\/logo\/image\/"}}]}},"_links":{"self":[{"href":"https:\/\/infanciadesarrollocrecimiento.com\/ca\/wp-json\/wp\/v2\/pages\/419","targetHints":{"allow":["GET"]}}],"collection":[{"href":"https:\/\/infanciadesarrollocrecimiento.com\/ca\/wp-json\/wp\/v2\/pages"}],"about":[{"href":"https:\/\/infanciadesarrollocrecimiento.com\/ca\/wp-json\/wp\/v2\/types\/page"}],"author":[{"embeddable":true,"href":"https:\/\/infanciadesarrollocrecimiento.com\/ca\/wp-json\/wp\/v2\/users\/1"}],"replies":[{"embeddable":true,"href":"https:\/\/infanciadesarrollocrecimiento.com\/ca\/wp-json\/wp\/v2\/comments?post=419"}],"version-history":[{"count":11,"href":"https:\/\/infanciadesarrollocrecimiento.com\/ca\/wp-json\/wp\/v2\/pages\/419\/revisions"}],"predecessor-version":[{"id":1327,"href":"https:\/\/infanciadesarrollocrecimiento.com\/ca\/wp-json\/wp\/v2\/pages\/419\/revisions\/1327"}],"up":[{"embeddable":true,"href":"https:\/\/infanciadesarrollocrecimiento.com\/ca\/wp-json\/wp\/v2\/pages\/424"}],"wp:featuredmedia":[{"embeddable":true,"href":"https:\/\/infanciadesarrollocrecimiento.com\/ca\/wp-json\/wp\/v2\/media\/1155"}],"wp:attachment":[{"href":"https:\/\/infanciadesarrollocrecimiento.com\/ca\/wp-json\/wp\/v2\/media?parent=419"}],"curies":[{"name":"wp","href":"https:\/\/api.w.org\/{rel}","templated":true}]}}