{"id":416,"date":"2025-02-03T16:50:24","date_gmt":"2025-02-03T16:50:24","guid":{"rendered":"https:\/\/infanciadesarrollocrecimiento.com\/politica-de-privacidad\/"},"modified":"2025-06-23T16:33:57","modified_gmt":"2025-06-23T16:33:57","slug":"politica-de-privacitat","status":"publish","type":"page","link":"https:\/\/infanciadesarrollocrecimiento.com\/ca\/politica-de-privacitat\/","title":{"rendered":"Pol\u00edtica de privacitat"},"content":{"rendered":"<section class=\"text_content_text_1_1 background-1-light\" data-block-id=\"69e10d8ec4e1b69e10d8ec4e1c\" data-block-name=\"acf\/textcontent-1-1\" data-post-id=\"416\" data-stable-id=\"block_7335ed0754b93586ff51f79a3e5d9267\">\r\n    <div class=\"container\">\r\n        <div class=\"row\">\r\n            <div class=\"col\">\r\n                <div class=\"content-theme\">\r\n                                        <div class=\"texto color-1-headings-dark tamano7\">\r\n                        <p>&nbsp;<\/p>\n<h2 style=\"text-align: center;\">POL\u00cdTICA DE PRIVACITAT DEL LLOC WEB<br \/>\nhttps:\/\/infanciadesarrollocrecimiento.com\/ca\/<\/h2>\n<p>&nbsp;<\/p>\n<h3>I. POL\u00cdTICA DE PRIVACITAT I PROTECCI\u00d3 DE DADES<\/h3>\n<p>Respectant all\u00f2 establert en la legislaci\u00f3 vigent, Nom empresa\/persona (d&#8217;ara endavant, tamb\u00e9 Lloc Web) es compromet a adoptar les mesures t\u00e8cniques i organitzatives necess\u00e0ries, segons el nivell de seguretat adequat al risc de les dades recollides.<\/p>\n<p><strong>Lleis que incorpora aquesta pol\u00edtica de privacitat<\/strong><\/p>\n<p>Aquesta pol\u00edtica de privacitat est\u00e0 adaptada a la normativa espanyola i europea vigent en mat\u00e8ria de protecci\u00f3 de dades personals a internet. En concret, respecta les seg\u00fcents normes:<\/p>\n<ul>\n<li>El Reglament (UE) 2016\/679 del Parlament Europeu i del Consell, de 27 d\u2019abril de 2016, relatiu a la protecci\u00f3 de les persones f\u00edsiques pel que fa al tractament de dades personals i a la lliure circulaci\u00f3 d\u2019aquestes dades (RGPD).<\/li>\n<li>La Llei Org\u00e0nica 3\/2018, de 5 de desembre, de Protecci\u00f3 de Dades Personals i garantia dels drets digitals (LOPD-GDD).<\/li>\n<li>El Reial decret 1720\/2007, de 21 de desembre, pel qual s\u2019aprova el Reglament de desenvolupament de la Llei Org\u00e0nica 15\/1999, de 13 de desembre, de Protecci\u00f3 de Dades de Car\u00e0cter Personal (RDLOPD).<\/li>\n<li>La Llei 34\/2002, d\u201911 de juliol, de Serveis de la Societat de la Informaci\u00f3 i de Comer\u00e7 Electr\u00f2nic (LSSI-CE).<\/li>\n<\/ul>\n<p><strong>Identitat del responsable del tractament de les dades personals<\/strong><\/p>\n<p>El responsable del tractament de les dades personals recollides a Nom empresa\/persona \u00e9s: Adelina Barbero Castillo , amb NIF: 39187423T (d\u2019ara endavant, Responsable del tractament).<\/p>\n<p>Les seves dades de contacte s\u00f3n les seg\u00fcents:<br \/>\nAdre\u00e7a: Calle Verdi 12, despat 10. 08110 Montcada i Reixac (Barcelona)<br \/>\nTel\u00e8fon de contacte: 686421819<br \/>\nCorreu electr\u00f2nic de contacte: contacto@infanciadesarrollocrecimiento.com<\/p>\n<p><strong>Registre de Dades de Car\u00e0cter Personal<\/strong><\/p>\n<p>En compliment del que s\u2019estableix en el RGPD i la LOPD-GDD, l\u2019informem que les dades personals recollides per Nom empresa\/persona, mitjan\u00e7ant els formularis esteses en les seves p\u00e0gines quedaran incorporades i seran tractades en el nostre fitxer amb la finalitat de poder facilitar, agilitzar i complir els compromisos establerts entre Nom empresa\/persona i l\u2019Usuari o el manteniment de la relaci\u00f3 que s\u2019estableixi en els formularis que aquest empleni, o per atendre una sol\u00b7licitud o consulta del mateix.<\/p>\n<p>Aix\u00ed mateix, de conformitat amb el previst en el RGPD i la LOPD-GDD, excepte que sigui d\u2019aplicaci\u00f3 l\u2019excepci\u00f3 prevista en l\u2019article 30.5 del RGPD, es mant\u00e9 un registre d\u2019activitats de tractament que especifica, segons les seves finalitats, les activitats de tractament portades a terme i les altres circumst\u00e0ncies establertes en el RGPD.<\/p>\n<p><strong>Principis aplicables al tractament de les dades personals<\/strong><\/p>\n<p>El tractament de les dades personals de l\u2019Usuari se sotmetr\u00e0 als seg\u00fcents principis recollits a l\u2019article 5 del RGPD i a l\u2019article 4 i seg\u00fcents de la Llei Org\u00e0nica 3\/2018, de 5 de desembre, de Protecci\u00f3 de Dades Personals i garantia dels drets digitals:<\/p>\n<ul>\n<li>Principi de licitud, lleialtat i transpar\u00e8ncia<\/li>\n<li>Principi de limitaci\u00f3 de la finalitat<\/li>\n<li>Principi de minimitzaci\u00f3 de dades<\/li>\n<li>Principi d\u2019exactitud<\/li>\n<li>Principi de limitaci\u00f3 del termini de conservaci\u00f3<\/li>\n<li>Principi d\u2019integritat i confidencialitat<\/li>\n<li>Principi de responsabilitat proactiva<\/li>\n<\/ul>\n<p><strong>Categories de dades personals<\/strong><\/p>\n<p>Les categories de dades que es tracten a Nom empresa\/persona s\u00f3n \u00fanicament dades identificatives. En cap cas es tracten categories especials de dades personals en el sentit de l\u2019article 9 del RGPD.<\/p>\n<p><strong>Base legal per al tractament de les dades personals<\/strong><\/p>\n<p>La base legal per al tractament de les dades personals \u00e9s el consentiment. Nom empresa\/persona es compromet a recollir el consentiment expr\u00e9s i verificable de l\u2019Usuari per al tractament de les seves dades personals per a una o diverses finalitats espec\u00edfiques.<\/p>\n<p>L\u2019Usuari tindr\u00e0 dret a retirar el seu consentiment en qualsevol moment. Ser\u00e0 tan f\u00e0cil retirar el consentiment com donar-lo. Com a regla general, la retirada del consentiment no condicionar\u00e0 l\u2019\u00fas del Lloc Web.<\/p>\n<p><strong>Finalitats del tractament a qu\u00e8 es destinen les dades personals<\/strong><\/p>\n<p>Les dades personals s\u00f3n recollides i gestionades per Nom empresa\/persona amb la finalitat de poder facilitar, agilitzar i complir els compromisos establerts entre el Lloc Web i l\u2019Usuari o el manteniment de la relaci\u00f3 que s\u2019estableixi en els formularis que aquest \u00faltim empleni o per atendre una sol\u00b7licitud o consulta.<\/p>\n<p>Igualment, les dades podran ser utilitzades amb una finalitat comercial de personalitzaci\u00f3, operativa i estad\u00edstica, i activitats pr\u00f2pies de l\u2019objecte social de Nom empresa\/persona, aix\u00ed com per a l\u2019extracci\u00f3, emmagatzematge de dades i estudis de m\u00e0rqueting per adequar el Contingut ofert a l\u2019Usuari, aix\u00ed com millorar la qualitat, funcionament i navegaci\u00f3 pel Lloc Web.<\/p>\n<p><strong>Per\u00edodes de conservaci\u00f3 de les dades personals<\/strong><\/p>\n<p>Les dades personals nom\u00e9s es conservaran durant el temps m\u00ednim necessari per a les finalitats del seu tractament i, en tot cas, \u00fanicament durant el seg\u00fcent termini: , o fins que l\u2019Usuari sol\u00b7liciti la seva supressi\u00f3.<\/p>\n<p><strong>Destinataris de les dades personals<\/strong><\/p>\n<p>Les dades personals de l\u2019Usuari no seran compartides amb tercers.<\/p>\n<p><strong>Dades personals de menors d\u2019edat<\/strong><\/p>\n<p>Respectant el que s\u2019estableix en els articles 8 del RGPD i 7 de la Llei Org\u00e0nica 3\/2018, de 5 de desembre, nom\u00e9s els majors de 14 anys poden atorgar el seu consentiment per al tractament de les seves dades personals de manera l\u00edcita per Nom empresa\/persona. En el cas de menors de 14 anys, caldr\u00e0 el consentiment dels pares o tutors.<\/p>\n<p><strong>Secret i seguretat de les dades personals<\/strong><\/p>\n<p>Nom empresa\/persona es compromet a adoptar les mesures t\u00e8cniques i organitzatives necess\u00e0ries, segons el nivell de seguretat adequat al risc de les dades recollides, per tal de garantir la seguretat de les dades de car\u00e0cter personal i evitar la destrucci\u00f3, p\u00e8rdua o alteraci\u00f3 accidental o il\u00b7l\u00edcita, o la comunicaci\u00f3 o acc\u00e9s no autoritzats.<\/p>\n<p>El Lloc Web compta amb un certificat SSL (Secure Socket Layer).<\/p>\n<p>No obstant aix\u00f2, a causa que Nom empresa\/persona no pot garantir la inexpugnabilitat d\u2019internet, es compromet a comunicar a l\u2019Usuari sense dilaci\u00f3 indeguda qualsevol violaci\u00f3 de la seguretat de les dades personals que suposi un risc alt per als drets i llibertats de les persones.<\/p>\n<p><strong>Drets derivats del tractament de les dades personals<\/strong><\/p>\n<p>L\u2019Usuari podr\u00e0 exercir els seg\u00fcents drets:<\/p>\n<ul>\n<li>Dret d\u2019acc\u00e9s<\/li>\n<li>Dret de rectificaci\u00f3<\/li>\n<li>Dret de supressi\u00f3<\/li>\n<li>Dret a la limitaci\u00f3 del tractament<\/li>\n<li>Dret a la portabilitat de les dades<\/li>\n<li>Dret d\u2019oposici\u00f3<\/li>\n<li>Dret a no ser objecte d\u2019una decisi\u00f3 basada \u00fanicament en el tractament automatitzat<\/li>\n<\/ul>\n<p>Aquests drets es podran exercir mitjan\u00e7ant comunicaci\u00f3 escrita a:<br \/>\nAdre\u00e7a postal: Calle Verdi 12, despat 10. 08110 Montcada i Reixac (Barcelona)<br \/>\nCorreu electr\u00f2nic: contacto@infanciadesarrollocrecimiento.com<\/p>\n<p><strong>Enlla\u00e7os a llocs web de tercers<\/strong><\/p>\n<p>El Lloc Web pot incloure enlla\u00e7os a llocs web de tercers. Aquests llocs disposen de les seves pr\u00f2pies pol\u00edtiques de privacitat.<\/p>\n<p><strong>Reclamacions davant l\u2019autoritat de control<\/strong><\/p>\n<p>L\u2019Usuari t\u00e9 dret a presentar una reclamaci\u00f3 davant una autoritat de control, en particular a l\u2019Ag\u00e8ncia Espanyola de Protecci\u00f3 de Dades (https:\/\/www.aepd.es\/).<\/p>\n<p>&nbsp;<\/p>\n<p>&nbsp;<\/p>\n<h3>II. ACCEPTACI\u00d3 i CANVIS EN AQUESTA POL\u00cdTICA DE PRIVACITAT<\/h3>\n<p>\u00c9s necessari que l\u2019Usuari hagi llegit i estigui conforme amb les condicions sobre la protecci\u00f3 de dades de car\u00e0cter personal contingudes en aquesta Pol\u00edtica de Privacitat, aix\u00ed com que accepti el tractament de les seves dades personals perqu\u00e8 el Responsable del tractament pugui procedir-hi en la forma, durant els terminis i per a les finalitats indicades. L\u2019\u00fas del Lloc Web implicar\u00e0 l\u2019acceptaci\u00f3 de la seva Pol\u00edtica de Privacitat.<\/p>\n<p>Nom empresa\/persona es reserva el dret a modificar la seva Pol\u00edtica de Privacitat, segons el seu propi criteri, o motivat per un canvi legislatiu, jurisprudencial o doctrinal de l\u2019Ag\u00e8ncia Espanyola de Protecci\u00f3 de Dades. Els canvis o actualitzacions d\u2019aquesta Pol\u00edtica de Privacitat no es notificaran de forma expl\u00edcita a l\u2019Usuari. Es recomana a l\u2019Usuari consultar aquesta p\u00e0gina de forma peri\u00f2dica per estar al corrent dels darrers canvis o actualitzacions.<\/p>\n<p>Aquesta Pol\u00edtica de Privacitat ha estat actualitzada per adaptar-la al Reglament (UE) 2016\/679 del Parlament Europeu i del Consell, de 27 d\u2019abril de 2016, relatiu a la protecci\u00f3 de les persones f\u00edsiques pel que fa al tractament de dades personals i a la lliure circulaci\u00f3 d\u2019aquestes dades (RGPD), i a la Llei Org\u00e0nica 3\/2018, de 5 de desembre, de Protecci\u00f3 de Dades Personals i garantia dels drets digitals.<\/p>\n<p>&nbsp;<\/p>\n<p>Aquest document de Pol\u00edtica de Privacitat d\u2019un lloc web ha estat creat mitjan\u00e7ant el generador de plantilla de pol\u00edtica de privacitat web gratu\u00eft en l\u00ednia el dia 18\/02\/2024.<\/p>\n<p>&nbsp;<\/p>\n                    <\/div>\r\n                                    <\/div>\r\n            <\/div>\r\n        <\/div>\r\n    <\/div>\r\n<\/section>\r\n<style>\r\n    .text_content_text_1_1 h1 {\r\n        padding-bottom: 60px;\r\n        font-size: var(--tamano1-font-size);\r\n        font-weight: var(--tamano1-font-weight);\r\n        line-height: var(--tamano1-line-height);\r\n        letter-spacing: var(--tamano1-letter-spacing);\r\n        font-family: var(--tamano1-font-family);\r\n        color: var(--color-2-headings-dark);\r\n    }\r\n\r\n    .text_content_text_1_1 h2 {\r\n        padding-bottom: 60px;\r\n        font-size: var(--tamano2-font-size);\r\n        font-weight: var(--tamano2-font-weight);\r\n        line-height: var(--tamano2-line-height);\r\n        letter-spacing: var(--tamano2-letter-spacing);\r\n        font-family: var(--tamano2-font-family);\r\n        color: var(--color-2-headings-dark);\r\n    }\r\n\r\n    .text_content_text_1_1 h3 {\r\n        padding-bottom: 60px;\r\n        font-size: var(--tamano3-font-size);\r\n        font-weight: var(--tamano3-font-weight);\r\n        line-height: var(--tamano3-line-height);\r\n        letter-spacing: var(--tamano3-letter-spacing);\r\n        font-family: var(--tamano3-font-family);\r\n        color: var(--color-2-headings-dark);\r\n    }\r\n\r\n    .text_content_text_1_1 h4 {\r\n        padding-bottom: 60px;\r\n        font-size: var(--tamano4-font-size);\r\n        font-weight: var(--tamano4-font-weight);\r\n        line-height: var(--tamano4-line-height);\r\n        letter-spacing: var(--tamano4-letter-spacing);\r\n        font-family: var(--tamano4-font-family);\r\n        color: var(--color-2-headings-dark);\r\n    }\r\n\r\n    .text_content_text_1_1 ul,\r\n    .text_content_text_1_1 ol {\r\n        padding-left: 20px;\r\n    }\r\n\r\n    .text_content_text_1_1 .row .col {\r\n        padding-top: 75px;\r\n        width: 100%;\r\n    }\r\n\r\n\r\n    .text_content_text_1_1 .texto {\r\n        margin-bottom: 50px;\r\n    }\r\n\r\n    .text_content_text_1_1 .texto * {\r\n        padding-bottom: 20px;\r\n    }\r\n\r\n\r\n    .text_content_text_1_1 .row {\r\n        display: flex;\r\n        gap: 0px;\r\n    }\r\n\r\n    .text_content_text_1_1 {\r\n        position: relative;\r\n        background-position: center;\r\n        background-repeat: no-repeat;\r\n        background-size: cover;\r\n        padding: 81px 150px;\r\n        margin-top: -1px;\r\n    }\r\n\r\n    @media (max-width:1750px) {\r\n        .text_content_text_1_1 .row {\r\n            gap: 100px;\r\n        }\r\n    }\r\n\r\n    @media (max-width:1550px) {\r\n        .text_content_text_1_1 {\r\n            padding-left: 50px;\r\n            padding-right: 50px;\r\n        }\r\n    }\r\n\r\n    @media (max-width:1350px) {\r\n        .text_content_text_1_1 .row {\r\n            gap: 30px;\r\n        }\r\n    }\r\n\r\n    @media (max-width:1200px) {\r\n        .text_content_text_1_1 {\r\n            padding-left: 0;\r\n            padding-right: 0;\r\n        }\r\n    }\r\n\r\n    @media (max-width:992px) {\r\n        .text_content_text_1_1 .row .col-left {\r\n            padding-top: 0;\r\n            max-width: 100%;\r\n        }\r\n\r\n        .text_content_text_1_1 .texto {\r\n            margin-bottom: 35px;\r\n        }\r\n\r\n        .text_content_text_1_1 h2 {\r\n            padding-bottom: 40px;\r\n        }\r\n\r\n        .text_content_text_1_1 {\r\n            padding: 40px 0;\r\n        }\r\n\r\n        .text_content_text_1_1 h1 {\r\n            font-size: var(--tamano1-font-size-mobile);\r\n        }\r\n\r\n        .text_content_text_1_1 h2 {\r\n            font-size: var(--tamano2-font-size-mobile);\r\n        }\r\n\r\n        .text_content_text_1_1 h3 {\r\n            font-size: var(--tamano3-font-size-mobile);\r\n        }\r\n\r\n        .text_content_text_1_1 h4 {\r\n            font-size: var(--tamano4-font-size-mobile);\r\n        }\r\n    }\r\n<\/style>\r\n","protected":false},"excerpt":{"rendered":"","protected":false},"author":1,"featured_media":0,"parent":0,"menu_order":0,"comment_status":"open","ping_status":"closed","template":"","meta":{"_acf_changed":false,"iawp_total_views":0,"footnotes":""},"class_list":["post-416","page","type-page","status-publish","hentry"],"acf":[],"yoast_head":"<!-- This site is optimized with the Yoast SEO plugin v27.4 - https:\/\/yoast.com\/product\/yoast-seo-wordpress\/ -->\n<title>Pol\u00edtica de Privacidad - Adelina Barbero<\/title>\n<meta name=\"description\" content=\"Consulta la pol\u00edtica de privacidad de Adelina Barbero para conocer c\u00f3mo protegemos tus datos personales seg\u00fan la normativa vigente.\" \/>\n<meta name=\"robots\" content=\"index, follow, max-snippet:-1, max-image-preview:large, max-video-preview:-1\" \/>\n<link rel=\"canonical\" href=\"https:\/\/infanciadesarrollocrecimiento.com\/ca\/politica-de-privacitat\/\" \/>\n<meta property=\"og:locale\" content=\"ca_ES\" \/>\n<meta property=\"og:type\" content=\"article\" \/>\n<meta property=\"og:title\" content=\"Pol\u00edtica de Privacidad - Adelina Barbero\" \/>\n<meta property=\"og:description\" content=\"Consulta la pol\u00edtica de privacidad de Adelina Barbero para conocer c\u00f3mo protegemos tus datos personales seg\u00fan la normativa vigente.\" \/>\n<meta property=\"og:url\" content=\"https:\/\/infanciadesarrollocrecimiento.com\/ca\/politica-de-privacitat\/\" \/>\n<meta property=\"og:site_name\" content=\"Adelina Barbero\" \/>\n<meta property=\"article:modified_time\" content=\"2025-06-23T16:33:57+00:00\" \/>\n<meta name=\"twitter:card\" content=\"summary_large_image\" \/>\n<!-- \/ Yoast SEO plugin. -->","yoast_head_json":{"title":"Pol\u00edtica de Privacidad - Adelina Barbero","description":"Consulta la pol\u00edtica de privacidad de Adelina Barbero para conocer c\u00f3mo protegemos tus datos personales seg\u00fan la normativa vigente.","robots":{"index":"index","follow":"follow","max-snippet":"max-snippet:-1","max-image-preview":"max-image-preview:large","max-video-preview":"max-video-preview:-1"},"canonical":"https:\/\/infanciadesarrollocrecimiento.com\/ca\/politica-de-privacitat\/","og_locale":"ca_ES","og_type":"article","og_title":"Pol\u00edtica de Privacidad - Adelina Barbero","og_description":"Consulta la pol\u00edtica de privacidad de Adelina Barbero para conocer c\u00f3mo protegemos tus datos personales seg\u00fan la normativa vigente.","og_url":"https:\/\/infanciadesarrollocrecimiento.com\/ca\/politica-de-privacitat\/","og_site_name":"Adelina Barbero","article_modified_time":"2025-06-23T16:33:57+00:00","twitter_card":"summary_large_image","schema":{"@context":"https:\/\/schema.org","@graph":[{"@type":"WebPage","@id":"https:\/\/infanciadesarrollocrecimiento.com\/ca\/politica-de-privacitat\/","url":"https:\/\/infanciadesarrollocrecimiento.com\/ca\/politica-de-privacitat\/","name":"Pol\u00edtica de Privacidad - Adelina Barbero","isPartOf":{"@id":"https:\/\/infanciadesarrollocrecimiento.com\/ca\/#website"},"datePublished":"2025-02-03T16:50:24+00:00","dateModified":"2025-06-23T16:33:57+00:00","description":"Consulta la pol\u00edtica de privacidad de Adelina Barbero para conocer c\u00f3mo protegemos tus datos personales seg\u00fan la normativa vigente.","breadcrumb":{"@id":"https:\/\/infanciadesarrollocrecimiento.com\/ca\/politica-de-privacitat\/#breadcrumb"},"inLanguage":"ca","potentialAction":[{"@type":"ReadAction","target":["https:\/\/infanciadesarrollocrecimiento.com\/ca\/politica-de-privacitat\/"]}]},{"@type":"BreadcrumbList","@id":"https:\/\/infanciadesarrollocrecimiento.com\/ca\/politica-de-privacitat\/#breadcrumb","itemListElement":[{"@type":"ListItem","position":1,"name":"Portada","item":"https:\/\/infanciadesarrollocrecimiento.com\/ca\/"},{"@type":"ListItem","position":2,"name":"Pol\u00edtica de privacitat"}]},{"@type":"WebSite","@id":"https:\/\/infanciadesarrollocrecimiento.com\/ca\/#website","url":"https:\/\/infanciadesarrollocrecimiento.com\/ca\/","name":"Adelina Barbero","description":"","publisher":{"@id":"https:\/\/infanciadesarrollocrecimiento.com\/ca\/#organization"},"potentialAction":[{"@type":"SearchAction","target":{"@type":"EntryPoint","urlTemplate":"https:\/\/infanciadesarrollocrecimiento.com\/ca\/?s={search_term_string}"},"query-input":{"@type":"PropertyValueSpecification","valueRequired":true,"valueName":"search_term_string"}}],"inLanguage":"ca"},{"@type":"Organization","@id":"https:\/\/infanciadesarrollocrecimiento.com\/ca\/#organization","name":"Adelina Barbero","url":"https:\/\/infanciadesarrollocrecimiento.com\/ca\/","logo":{"@type":"ImageObject","inLanguage":"ca","@id":"https:\/\/infanciadesarrollocrecimiento.com\/ca\/#\/schema\/logo\/image\/","url":"https:\/\/infanciadesarrollocrecimiento.com\/wp-content\/uploads\/2025\/02\/67a0b21d482ef_desarrollo_y_crecimiento__2_-removebg-preview.png","contentUrl":"https:\/\/infanciadesarrollocrecimiento.com\/wp-content\/uploads\/2025\/02\/67a0b21d482ef_desarrollo_y_crecimiento__2_-removebg-preview.png","width":167,"height":22,"caption":"Adelina Barbero"},"image":{"@id":"https:\/\/infanciadesarrollocrecimiento.com\/ca\/#\/schema\/logo\/image\/"}}]}},"_links":{"self":[{"href":"https:\/\/infanciadesarrollocrecimiento.com\/ca\/wp-json\/wp\/v2\/pages\/416","targetHints":{"allow":["GET"]}}],"collection":[{"href":"https:\/\/infanciadesarrollocrecimiento.com\/ca\/wp-json\/wp\/v2\/pages"}],"about":[{"href":"https:\/\/infanciadesarrollocrecimiento.com\/ca\/wp-json\/wp\/v2\/types\/page"}],"author":[{"embeddable":true,"href":"https:\/\/infanciadesarrollocrecimiento.com\/ca\/wp-json\/wp\/v2\/users\/1"}],"replies":[{"embeddable":true,"href":"https:\/\/infanciadesarrollocrecimiento.com\/ca\/wp-json\/wp\/v2\/comments?post=416"}],"version-history":[{"count":4,"href":"https:\/\/infanciadesarrollocrecimiento.com\/ca\/wp-json\/wp\/v2\/pages\/416\/revisions"}],"predecessor-version":[{"id":1337,"href":"https:\/\/infanciadesarrollocrecimiento.com\/ca\/wp-json\/wp\/v2\/pages\/416\/revisions\/1337"}],"wp:attachment":[{"href":"https:\/\/infanciadesarrollocrecimiento.com\/ca\/wp-json\/wp\/v2\/media?parent=416"}],"curies":[{"name":"wp","href":"https:\/\/api.w.org\/{rel}","templated":true}]}}