{"id":415,"date":"2025-02-03T16:50:24","date_gmt":"2025-02-03T16:50:24","guid":{"rendered":"https:\/\/infanciadesarrollocrecimiento.com\/politica-de-cookies\/"},"modified":"2025-06-23T09:57:08","modified_gmt":"2025-06-23T09:57:08","slug":"politica-de-cookies","status":"publish","type":"page","link":"https:\/\/infanciadesarrollocrecimiento.com\/ca\/politica-de-cookies\/","title":{"rendered":"Pol\u00edtica de cookies"},"content":{"rendered":"<section class=\"text_content_text_1_1 background-1-light\" data-block-id=\"69e10d242e94b69e10d242e94c\" data-block-name=\"acf\/textcontent-1-1\" data-post-id=\"415\" data-stable-id=\"block_d5ca077cf52f7fb81f5efb7fd269bfc7\">\r\n    <div class=\"container\">\r\n        <div class=\"row\">\r\n            <div class=\"col\">\r\n                <div class=\"content-theme\">\r\n                                        <div class=\"texto color-1-headings-dark tamano7\">\r\n                        <h2 style=\"text-align: center;\">POL\u00cdTICA DE COOKIES<br \/>\nhttps:\/\/infanciadesarrollocrecimiento.com\/ca\/<\/h2>\n<p>&nbsp;<\/p>\n<p>L&#8217;acc\u00e9s a aquest Lloc Web pot implicar la utilitzaci\u00f3 de cookies. Les cookies s\u00f3n petites quantitats d&#8217;informaci\u00f3 que s&#8217;emmagatzemen al navegador utilitzat per cada Usuari \u2014en els diferents dispositius que pugui utilitzar per navegar\u2014 perqu\u00e8 el servidor recordi certa informaci\u00f3 que posteriorment i \u00fanicament el servidor que la va implementar llegir\u00e0. Les cookies faciliten la navegaci\u00f3, la fan m\u00e9s amigable i no danyen el dispositiu de navegaci\u00f3.<\/p>\n<p>Les cookies s\u00f3n procediments autom\u00e0tics de recollida d&#8217;informaci\u00f3 relativa a les prefer\u00e8ncies determinades per l&#8217;Usuari durant la seva visita al Lloc Web amb la finalitat de recon\u00e8ixer-lo com a Usuari, i personalitzar la seva experi\u00e8ncia i l&#8217;\u00fas del Lloc Web, i poden tamb\u00e9, per exemple, ajudar a identificar i resoldre errors.<\/p>\n<p>La informaci\u00f3 recollida a trav\u00e9s de les cookies pot incloure la data i hora de visites al Lloc Web, les p\u00e0gines visualitzades, el temps que ha estat al Lloc Web i els llocs visitats just abans i despr\u00e9s del mateix. Tanmateix, cap cookie permet que aquesta mateixa es pugui contactar amb el n\u00famero de tel\u00e8fon de l&#8217;Usuari ni amb cap altre mitj\u00e0 de contacte personal. Cap cookie pot extreure informaci\u00f3 del disc dur de l&#8217;Usuari ni robar informaci\u00f3 personal. L&#8217;\u00fanica manera que la informaci\u00f3 privada de l&#8217;Usuari formi part de l&#8217;arxiu Cookie \u00e9s que l&#8217;usuari doni personalment aquesta informaci\u00f3 al servidor.<\/p>\n<p>Les cookies que permeten identificar una persona es consideren dades personals. Per tant, a aquestes se&#8217;ls aplicar\u00e0 la Pol\u00edtica de Privacitat anteriorment descrita. En aquest sentit, per a la seva utilitzaci\u00f3 ser\u00e0 necessari el consentiment de l&#8217;Usuari. Aquest consentiment ser\u00e0 comunicat, basant-se en una elecci\u00f3 aut\u00e8ntica, ofert mitjan\u00e7ant una decisi\u00f3 afirmativa i positiva, abans del tractament inicial, revocable i documentat.<\/p>\n<p><strong>Cookies pr\u00f2pies<\/strong><\/p>\n<p>S\u00f3n aquelles cookies que s\u2019envien a l\u2019ordinador o dispositiu de l\u2019Usuari i que s\u00f3n gestionades exclusivament pel Blog de Adelina Barbero Castillo per al millor funcionament del Lloc Web. La informaci\u00f3 que es recull s\u2019utilitza per millorar la qualitat del Lloc Web i el seu Contingut, aix\u00ed com l\u2019experi\u00e8ncia com a Usuari. Aquestes cookies permeten recon\u00e8ixer l\u2019Usuari com a visitant recurrent del Lloc Web i adaptar el contingut per oferir-li continguts ajustats a les seves prefer\u00e8ncies.<\/p>\n<p><strong>Cookies de tercers<\/strong><\/p>\n<p>S\u00f3n cookies utilitzades i gestionades per entitats externes que proporcionen al Blog de Adelina Barbero Castillo serveis sol\u00b7licitats per aquest mateix per millorar el Lloc Web i l\u2019experi\u00e8ncia de l\u2019usuari durant la navegaci\u00f3 pel Lloc Web. Els principals objectius pels quals s&#8217;utilitzen cookies de tercers s\u00f3n l\u2019obtenci\u00f3 d\u2019estad\u00edstiques d\u2019accessos i l\u2019an\u00e0lisi de la informaci\u00f3 de la navegaci\u00f3, \u00e9s a dir, com interactua l\u2019Usuari amb el Lloc Web.<\/p>\n<p>La informaci\u00f3 que s\u2019obt\u00e9 fa refer\u00e8ncia, per exemple, al nombre de p\u00e0gines visitades, l\u2019idioma, el lloc des d\u2019on s\u2019accedeix (adre\u00e7a IP), el nombre d\u2019Usuaris que accedeixen, la freq\u00fc\u00e8ncia i recurr\u00e8ncia de les visites, el temps de visita, el navegador que utilitzen, l\u2019operador o tipus de dispositiu des del qual es realitza la visita. Aquesta informaci\u00f3 s\u2019utilitza per millorar el Lloc Web i detectar noves necessitats per oferir als Usuaris un Contingut i\/o servei de qualitat \u00f2ptima. En tot cas, la informaci\u00f3 es recull de forma an\u00f2nima i s\u2019elaboren informes de tend\u00e8ncies del Lloc Web sense identificar usuaris individuals.<\/p>\n<p>Pots obtenir m\u00e9s informaci\u00f3 sobre les cookies, la informaci\u00f3 sobre la privacitat o consultar la descripci\u00f3 del tipus de cookies que s\u2019utilitzen, les seves caracter\u00edstiques principals, per\u00edode d\u2019expiraci\u00f3, etc. en el(s) seg\u00fcent(s) enlla\u00e7(os):<\/p>\n<p>L\u2019entitat o entitats encarregades del subministrament de cookies podran cedir aquesta informaci\u00f3 a tercers, sempre que la llei ho exigeixi o sigui un tercer qui processi aquesta informaci\u00f3 per a aquestes entitats.<\/p>\n<p><strong>Cookies de xarxes socials<\/strong><\/p>\n<p>El Blog de Adelina Barbero Castillo incorpora connectors de xarxes socials que permeten accedir-hi des del Lloc Web. Per aquesta ra\u00f3, les cookies de xarxes socials poden emmagatzemar-se al navegador de l&#8217;Usuari. Els titulars d\u2019aquestes xarxes socials disposen de les seves pr\u00f2pies pol\u00edtiques de protecci\u00f3 de dades i de cookies, sent ells mateixos, en cada cas, responsables dels seus propis fitxers i de les seves pr\u00f2pies pr\u00e0ctiques de privacitat. L\u2019Usuari ha de consultar aquestes pol\u00edtiques per informar-se sobre aquestes cookies i, si s\u2019escau, sobre el tractament de les seves dades personals. Nom\u00e9s a t\u00edtol informatiu s\u2019indiquen a continuaci\u00f3 els enlla\u00e7os on es poden consultar aquestes pol\u00edtiques de privacitat i\/o de cookies:<\/p>\n<p>Facebook: https:\/\/www.facebook.com\/policies\/cookies\/<\/p>\n<p>Twitter: https:\/\/twitter.com\/es\/privacy<\/p>\n<p>Instagram: https:\/\/help.instagram.com\/1896641480634370?ref=ig<\/p>\n<p>YouTube: https:\/\/policies.google.com\/privacy?hl=es-419&amp;gl=mx<\/p>\n<p>Pinterest: https:\/\/policy.pinterest.com\/es\/privacy-policy<\/p>\n<p>LinkedIn: https:\/\/www.linkedin.com\/legal\/cookie-policy?trk=hp-cookies<\/p>\n<p><strong>Deshabilitar, rebutjar i eliminar cookies<\/strong><\/p>\n<p>L&#8217;Usuari pot deshabilitar, rebutjar i eliminar les cookies \u2014totalment o parcialment\u2014 instal\u00b7lades al seu dispositiu mitjan\u00e7ant la configuraci\u00f3 del seu navegador (entre els quals es troben, per exemple, Chrome, Firefox, Safari, Explorer). En aquest sentit, els procediments per rebutjar i eliminar les cookies poden diferir d\u2019un navegador d\u2019Internet a un altre. En conseq\u00fc\u00e8ncia, l\u2019Usuari ha d\u2019acudir a les instruccions facilitades pel propi navegador d\u2019Internet que estigui utilitzant. En el sup\u00f2sit que rebutgi l\u2019\u00fas de cookies \u2014totalment o parcialment\u2014 podr\u00e0 continuar utilitzant el Lloc Web, si b\u00e9 podr\u00e0 tenir limitada la utilitzaci\u00f3 d\u2019algunes de les funcionalitats del mateix.<\/p>\n<p>Aquest document de Pol\u00edtica de Cookies ha estat creat mitjan\u00e7ant el generador de plantilla de pol\u00edtica de cookies web gratis online el dia 18\/02\/2024.<\/p>\n                    <\/div>\r\n                                    <\/div>\r\n            <\/div>\r\n        <\/div>\r\n    <\/div>\r\n<\/section>\r\n<style>\r\n    .text_content_text_1_1 h1 {\r\n        padding-bottom: 60px;\r\n        font-size: var(--tamano1-font-size);\r\n        font-weight: var(--tamano1-font-weight);\r\n        line-height: var(--tamano1-line-height);\r\n        letter-spacing: var(--tamano1-letter-spacing);\r\n        font-family: var(--tamano1-font-family);\r\n        color: var(--color-2-headings-dark);\r\n    }\r\n\r\n    .text_content_text_1_1 h2 {\r\n        padding-bottom: 60px;\r\n        font-size: var(--tamano2-font-size);\r\n        font-weight: var(--tamano2-font-weight);\r\n        line-height: var(--tamano2-line-height);\r\n        letter-spacing: var(--tamano2-letter-spacing);\r\n        font-family: var(--tamano2-font-family);\r\n        color: var(--color-2-headings-dark);\r\n    }\r\n\r\n    .text_content_text_1_1 h3 {\r\n        padding-bottom: 60px;\r\n        font-size: var(--tamano3-font-size);\r\n        font-weight: var(--tamano3-font-weight);\r\n        line-height: var(--tamano3-line-height);\r\n        letter-spacing: var(--tamano3-letter-spacing);\r\n        font-family: var(--tamano3-font-family);\r\n        color: var(--color-2-headings-dark);\r\n    }\r\n\r\n    .text_content_text_1_1 h4 {\r\n        padding-bottom: 60px;\r\n        font-size: var(--tamano4-font-size);\r\n        font-weight: var(--tamano4-font-weight);\r\n        line-height: var(--tamano4-line-height);\r\n        letter-spacing: var(--tamano4-letter-spacing);\r\n        font-family: var(--tamano4-font-family);\r\n        color: var(--color-2-headings-dark);\r\n    }\r\n\r\n    .text_content_text_1_1 ul,\r\n    .text_content_text_1_1 ol {\r\n        padding-left: 20px;\r\n    }\r\n\r\n    .text_content_text_1_1 .row .col {\r\n        padding-top: 75px;\r\n        width: 100%;\r\n    }\r\n\r\n\r\n    .text_content_text_1_1 .texto {\r\n        margin-bottom: 50px;\r\n    }\r\n\r\n    .text_content_text_1_1 .texto * {\r\n        padding-bottom: 20px;\r\n    }\r\n\r\n\r\n    .text_content_text_1_1 .row {\r\n        display: flex;\r\n        gap: 0px;\r\n    }\r\n\r\n    .text_content_text_1_1 {\r\n        position: relative;\r\n        background-position: center;\r\n        background-repeat: no-repeat;\r\n        background-size: cover;\r\n        padding: 81px 150px;\r\n        margin-top: -1px;\r\n    }\r\n\r\n    @media (max-width:1750px) {\r\n        .text_content_text_1_1 .row {\r\n            gap: 100px;\r\n        }\r\n    }\r\n\r\n    @media (max-width:1550px) {\r\n        .text_content_text_1_1 {\r\n            padding-left: 50px;\r\n            padding-right: 50px;\r\n        }\r\n    }\r\n\r\n    @media (max-width:1350px) {\r\n        .text_content_text_1_1 .row {\r\n            gap: 30px;\r\n        }\r\n    }\r\n\r\n    @media (max-width:1200px) {\r\n        .text_content_text_1_1 {\r\n            padding-left: 0;\r\n            padding-right: 0;\r\n        }\r\n    }\r\n\r\n    @media (max-width:992px) {\r\n        .text_content_text_1_1 .row .col-left {\r\n            padding-top: 0;\r\n            max-width: 100%;\r\n        }\r\n\r\n        .text_content_text_1_1 .texto {\r\n            margin-bottom: 35px;\r\n        }\r\n\r\n        .text_content_text_1_1 h2 {\r\n            padding-bottom: 40px;\r\n        }\r\n\r\n        .text_content_text_1_1 {\r\n            padding: 40px 0;\r\n        }\r\n\r\n        .text_content_text_1_1 h1 {\r\n            font-size: var(--tamano1-font-size-mobile);\r\n        }\r\n\r\n        .text_content_text_1_1 h2 {\r\n            font-size: var(--tamano2-font-size-mobile);\r\n        }\r\n\r\n        .text_content_text_1_1 h3 {\r\n            font-size: var(--tamano3-font-size-mobile);\r\n        }\r\n\r\n        .text_content_text_1_1 h4 {\r\n            font-size: var(--tamano4-font-size-mobile);\r\n        }\r\n    }\r\n<\/style>\r\n","protected":false},"excerpt":{"rendered":"","protected":false},"author":1,"featured_media":0,"parent":0,"menu_order":0,"comment_status":"open","ping_status":"closed","template":"","meta":{"_acf_changed":false,"iawp_total_views":0,"footnotes":""},"class_list":["post-415","page","type-page","status-publish","hentry"],"acf":[],"yoast_head":"<!-- This site is optimized with the Yoast SEO plugin v27.4 - https:\/\/yoast.com\/product\/yoast-seo-wordpress\/ -->\n<title>Pol\u00edtica de Cookies | Adelina Barbero<\/title>\n<meta name=\"description\" content=\"Descubre c\u00f3mo utilizamos las cookies en Adelina Barbero para mejorar tu experiencia de navegaci\u00f3n, respetando siempre tu privacidad.\" \/>\n<meta name=\"robots\" content=\"index, follow, max-snippet:-1, max-image-preview:large, max-video-preview:-1\" \/>\n<link rel=\"canonical\" href=\"https:\/\/infanciadesarrollocrecimiento.com\/ca\/politica-de-cookies\/\" \/>\n<meta property=\"og:locale\" content=\"ca_ES\" \/>\n<meta property=\"og:type\" content=\"article\" \/>\n<meta property=\"og:title\" content=\"Pol\u00edtica de Cookies | Adelina Barbero\" \/>\n<meta property=\"og:description\" content=\"Descubre c\u00f3mo utilizamos las cookies en Adelina Barbero para mejorar tu experiencia de navegaci\u00f3n, respetando siempre tu privacidad.\" \/>\n<meta property=\"og:url\" content=\"https:\/\/infanciadesarrollocrecimiento.com\/ca\/politica-de-cookies\/\" \/>\n<meta property=\"og:site_name\" content=\"Adelina Barbero\" \/>\n<meta property=\"article:modified_time\" content=\"2025-06-23T09:57:08+00:00\" \/>\n<meta name=\"twitter:card\" content=\"summary_large_image\" \/>\n<!-- \/ Yoast SEO plugin. -->","yoast_head_json":{"title":"Pol\u00edtica de Cookies | Adelina Barbero","description":"Descubre c\u00f3mo utilizamos las cookies en Adelina Barbero para mejorar tu experiencia de navegaci\u00f3n, respetando siempre tu privacidad.","robots":{"index":"index","follow":"follow","max-snippet":"max-snippet:-1","max-image-preview":"max-image-preview:large","max-video-preview":"max-video-preview:-1"},"canonical":"https:\/\/infanciadesarrollocrecimiento.com\/ca\/politica-de-cookies\/","og_locale":"ca_ES","og_type":"article","og_title":"Pol\u00edtica de Cookies | Adelina Barbero","og_description":"Descubre c\u00f3mo utilizamos las cookies en Adelina Barbero para mejorar tu experiencia de navegaci\u00f3n, respetando siempre tu privacidad.","og_url":"https:\/\/infanciadesarrollocrecimiento.com\/ca\/politica-de-cookies\/","og_site_name":"Adelina Barbero","article_modified_time":"2025-06-23T09:57:08+00:00","twitter_card":"summary_large_image","schema":{"@context":"https:\/\/schema.org","@graph":[{"@type":"WebPage","@id":"https:\/\/infanciadesarrollocrecimiento.com\/ca\/politica-de-cookies\/","url":"https:\/\/infanciadesarrollocrecimiento.com\/ca\/politica-de-cookies\/","name":"Pol\u00edtica de Cookies | Adelina Barbero","isPartOf":{"@id":"https:\/\/infanciadesarrollocrecimiento.com\/ca\/#website"},"datePublished":"2025-02-03T16:50:24+00:00","dateModified":"2025-06-23T09:57:08+00:00","description":"Descubre c\u00f3mo utilizamos las cookies en Adelina Barbero para mejorar tu experiencia de navegaci\u00f3n, respetando siempre tu privacidad.","breadcrumb":{"@id":"https:\/\/infanciadesarrollocrecimiento.com\/ca\/politica-de-cookies\/#breadcrumb"},"inLanguage":"ca","potentialAction":[{"@type":"ReadAction","target":["https:\/\/infanciadesarrollocrecimiento.com\/ca\/politica-de-cookies\/"]}]},{"@type":"BreadcrumbList","@id":"https:\/\/infanciadesarrollocrecimiento.com\/ca\/politica-de-cookies\/#breadcrumb","itemListElement":[{"@type":"ListItem","position":1,"name":"Portada","item":"https:\/\/infanciadesarrollocrecimiento.com\/ca\/"},{"@type":"ListItem","position":2,"name":"Pol\u00edtica de cookies"}]},{"@type":"WebSite","@id":"https:\/\/infanciadesarrollocrecimiento.com\/ca\/#website","url":"https:\/\/infanciadesarrollocrecimiento.com\/ca\/","name":"Adelina Barbero","description":"","publisher":{"@id":"https:\/\/infanciadesarrollocrecimiento.com\/ca\/#organization"},"potentialAction":[{"@type":"SearchAction","target":{"@type":"EntryPoint","urlTemplate":"https:\/\/infanciadesarrollocrecimiento.com\/ca\/?s={search_term_string}"},"query-input":{"@type":"PropertyValueSpecification","valueRequired":true,"valueName":"search_term_string"}}],"inLanguage":"ca"},{"@type":"Organization","@id":"https:\/\/infanciadesarrollocrecimiento.com\/ca\/#organization","name":"Adelina Barbero","url":"https:\/\/infanciadesarrollocrecimiento.com\/ca\/","logo":{"@type":"ImageObject","inLanguage":"ca","@id":"https:\/\/infanciadesarrollocrecimiento.com\/ca\/#\/schema\/logo\/image\/","url":"https:\/\/infanciadesarrollocrecimiento.com\/wp-content\/uploads\/2025\/02\/67a0b21d482ef_desarrollo_y_crecimiento__2_-removebg-preview.png","contentUrl":"https:\/\/infanciadesarrollocrecimiento.com\/wp-content\/uploads\/2025\/02\/67a0b21d482ef_desarrollo_y_crecimiento__2_-removebg-preview.png","width":167,"height":22,"caption":"Adelina Barbero"},"image":{"@id":"https:\/\/infanciadesarrollocrecimiento.com\/ca\/#\/schema\/logo\/image\/"}}]}},"_links":{"self":[{"href":"https:\/\/infanciadesarrollocrecimiento.com\/ca\/wp-json\/wp\/v2\/pages\/415","targetHints":{"allow":["GET"]}}],"collection":[{"href":"https:\/\/infanciadesarrollocrecimiento.com\/ca\/wp-json\/wp\/v2\/pages"}],"about":[{"href":"https:\/\/infanciadesarrollocrecimiento.com\/ca\/wp-json\/wp\/v2\/types\/page"}],"author":[{"embeddable":true,"href":"https:\/\/infanciadesarrollocrecimiento.com\/ca\/wp-json\/wp\/v2\/users\/1"}],"replies":[{"embeddable":true,"href":"https:\/\/infanciadesarrollocrecimiento.com\/ca\/wp-json\/wp\/v2\/comments?post=415"}],"version-history":[{"count":4,"href":"https:\/\/infanciadesarrollocrecimiento.com\/ca\/wp-json\/wp\/v2\/pages\/415\/revisions"}],"predecessor-version":[{"id":1339,"href":"https:\/\/infanciadesarrollocrecimiento.com\/ca\/wp-json\/wp\/v2\/pages\/415\/revisions\/1339"}],"wp:attachment":[{"href":"https:\/\/infanciadesarrollocrecimiento.com\/ca\/wp-json\/wp\/v2\/media?parent=415"}],"curies":[{"name":"wp","href":"https:\/\/api.w.org\/{rel}","templated":true}]}}