{"id":414,"date":"2025-02-03T16:50:24","date_gmt":"2025-02-03T16:50:24","guid":{"rendered":"https:\/\/infanciadesarrollocrecimiento.com\/aviso-legal\/"},"modified":"2025-06-23T16:33:43","modified_gmt":"2025-06-23T16:33:43","slug":"avis-legal","status":"publish","type":"page","link":"https:\/\/infanciadesarrollocrecimiento.com\/ca\/avis-legal\/","title":{"rendered":"Av\u00eds legal"},"content":{"rendered":"<section class=\"text_content_text_1_1 background-1-light\" data-block-id=\"69e127e81ceef69e127e81cef0\" data-block-name=\"acf\/textcontent-1-1\" data-post-id=\"414\" data-stable-id=\"block_bc8a8d98d787a1f6411425334a8ec35b\">\r\n    <div class=\"container\">\r\n        <div class=\"row\">\r\n            <div class=\"col\">\r\n                <div class=\"content-theme\">\r\n                                        <div class=\"texto color-1-headings-dark tamano7\">\r\n                        <h2 style=\"text-align: center;\">AV\u00cdS LEGAL I CONDICIONS GENERALS D&#8217; \u00daS<br \/>\nhttps:\/\/infanciadesarrollocrecimiento.com\/ca\/<\/h2>\n<p>&nbsp;<\/p>\n<h3>I. INFORMACI\u00d3 GENERAL<\/h3>\n<p>En compliment amb el deure d\u2019informaci\u00f3 establert a la Llei 34\/2002 de Serveis de la Societat de la Informaci\u00f3 i del Comer\u00e7 Electr\u00f2nic (LSSI-CE) d\u201911 de juliol, es faciliten a continuaci\u00f3 les seg\u00fcents dades d\u2019informaci\u00f3 general d\u2019aquest lloc web:<\/p>\n<p>La titularitat d\u2019aquest lloc web, https:\/\/infanciadesarrollocrecimiento.com\/ca\/ (d\u2019ara endavant, Lloc Web), l\u2019ostenta: Adelina Barbero Castillo , amb NIF: 39187423T, i les seves dades de contacte s\u00f3n:<\/p>\n<p>Adre\u00e7a: Calle Verdi 12, despat 10. 08110 Montcada i Reixac (Barcelona)<\/p>\n<p>Tel\u00e8fon de contacte: 686421819<\/p>\n<p>Correu electr\u00f2nic de contacte: <\/p>\n<p>&nbsp;<\/p>\n<h3>II. TERMES I CONDICIONS GENERALS D&#8217; \u00daS<\/h3>\n<p><strong>L\u2019objecte de les condicions: El Lloc Web<\/strong><\/p>\n<p>L\u2019objecte de les presents Condicions Generals d\u2019\u00das (d\u2019ara endavant, Condicions) \u00e9s regular l\u2019acc\u00e9s i la utilitzaci\u00f3 del Lloc Web. Als efectes de les presents Condicions s\u2019entendr\u00e0 com a Lloc Web: l\u2019aparen\u00e7a externa dels interf\u00edcies de pantalla, tant de forma est\u00e0tica com de forma din\u00e0mica, \u00e9s a dir, l\u2019arbre de navegaci\u00f3; i tots els elements integrats tant en els interf\u00edcies de pantalla com en l\u2019arbre de navegaci\u00f3 (d\u2019ara endavant, Continguts), aix\u00ed com tots aquells serveis o recursos en l\u00ednia que, si escau, s\u2019ofereixin als Usuaris (d\u2019ara endavant, Serveis).<\/p>\n<p>Blog de Adelina Barbero Castillo es reserva la facultat de modificar, en qualsevol moment i sense previ av\u00eds, la presentaci\u00f3 i configuraci\u00f3 del Lloc Web i dels Continguts i Serveis que hi puguin estar incorporats. L\u2019Usuari reconeix i accepta que en qualsevol moment Blog de Adelina Barbero Castillo pugui interrompre, desactivar i\/o cancel\u00b7lar qualsevol d\u2019aquests elements que s\u2019integren en el Lloc Web o l\u2019acc\u00e9s als mateixos.<\/p>\n<p>L\u2019acc\u00e9s al Lloc Web per part de l\u2019Usuari t\u00e9 car\u00e0cter lliure i, per norma general, \u00e9s gratu\u00eft sense que l\u2019Usuari hagi de proporcionar cap contraprestaci\u00f3 per poder gaudir-ne, excepte en all\u00f2 relatiu al cost de connexi\u00f3 a trav\u00e9s de la xarxa de telecomunicacions proporcionada pel prove\u00efdor d\u2019acc\u00e9s que hagi contractat l\u2019Usuari.<br \/>\nLa utilitzaci\u00f3 d\u2019algun dels Continguts o Serveis del Lloc Web podr\u00e0 fer-se mitjan\u00e7ant la subscripci\u00f3 o registre previ de l\u2019Usuari.<\/p>\n<p><strong>L\u2019Usuari<\/strong><\/p>\n<p>L\u2019acc\u00e9s, navegaci\u00f3 i \u00fas del Lloc Web, aix\u00ed com dels espais habilitats per interactuar entre els Usuaris, i entre l\u2019Usuari i Blog de Adelina Barbero Castillo, com ara comentaris i\/o espais de blogging, confereixen la condici\u00f3 d\u2019Usuari, per la qual cosa s\u2019accepten, des que s\u2019inicia la navegaci\u00f3 pel Lloc Web, totes les Condicions aqu\u00ed establertes, aix\u00ed com les seves posteriors modificacions, sense perjudici de l\u2019aplicaci\u00f3 de la corresponent normativa legal d\u2019obligat compliment segons el cas. Donada la rellev\u00e0ncia del que s\u2019exposa, es recomana a l\u2019Usuari llegir-les cada vegada que visiti el Lloc Web.<\/p>\n<p>El Lloc Web de Blog de Adelina Barbero Castillo proporciona una gran diversitat d\u2019informaci\u00f3, serveis i dades. L\u2019Usuari assumeix la seva responsabilitat per fer un \u00fas correcte del Lloc Web. Aquesta responsabilitat s\u2019estendr\u00e0 a:<\/p>\n<ul>\n<li>Un \u00fas de la informaci\u00f3, Continguts i\/o Serveis i dades oferts per Blog de Adelina Barbero Castillo sense que sigui contrari al que disposen aquestes Condicions, la Llei, la moral o l\u2019ordre p\u00fablic, o que de qualsevol altra manera pugui suposar una lesi\u00f3 dels drets de tercers o del mateix funcionament del Lloc Web.<\/li>\n<li>La veracitat i licitud de les informacions aportades per l\u2019Usuari als formularis oferts per Blog de Adelina Barbero Castillo per a l\u2019acc\u00e9s a certs Continguts o Serveis oferts pel Lloc Web. En tot cas, l\u2019Usuari notificar\u00e0 de manera immediata a Blog de Adelina Barbero Castillo qualsevol fet que permeti l\u2019\u00fas indegut de la informaci\u00f3 registrada en aquests formularis, com ara, per\u00f2 no nom\u00e9s, el robatori, la p\u00e8rdua, o l\u2019acc\u00e9s no autoritzat a identificadors i\/o contrasenyes, amb la finalitat de procedir a la seva immediata cancel\u00b7laci\u00f3.<\/li>\n<\/ul>\n<p>Blog de Adelina Barbero Castillo es reserva el dret de retirar tots aquells comentaris i aportacions que vulnerin la llei, el respecte a la dignitat de la persona, que siguin discriminatoris, xen\u00f2fobs, racistes, pornogr\u00e0fics, spamming, que atemptin contra la joventut o la inf\u00e0ncia, l\u2019ordre o la seguretat p\u00fablica o que, al seu criteri, no resultin adequats per a la seva publicaci\u00f3.<\/p>\n<p>En qualsevol cas, Blog de Adelina Barbero Castillo no ser\u00e0 responsable de les opinions expressades pels Usuaris a trav\u00e9s de comentaris o altres eines de blogging o participaci\u00f3 que puguin existir.<\/p>\n<p>El mer acc\u00e9s a aquest Lloc Web no suposa l\u2019establiment de cap tipus de relaci\u00f3 de car\u00e0cter comercial entre Blog de Adelina Barbero Castillo i l\u2019Usuari.<\/p>\n<p>L\u2019Usuari declara ser major d\u2019edat i disposar de la capacitat jur\u00eddica suficient per vincular-se a aquestes Condicions. Per tant, aquest Lloc Web de Blog de Adelina Barbero Castillo no es dirigeix a menors d\u2019edat. Blog de Adelina Barbero Castillo declina qualsevol responsabilitat per l\u2019incompliment d\u2019aquest requisit.<\/p>\n<h3><\/h3>\n<h3>III. ACC\u00c9S I NAVEGACI\u00d3 AL LLOC WEB:<\/h3>\n<p><strong>EXCLUSI\u00d3 DE GARANTIES I RESPONSABILITAT<\/strong><\/p>\n<p>Blog de Adelina Barbero Castillo no garanteix la continu\u00eftat, disponibilitat ni utilitat del Lloc Web, ni dels Continguts o Serveis. Blog de Adelina Barbero Castillo far\u00e0 tot el possible per garantir el bon funcionament del Lloc Web, per\u00f2 no es responsabilitza ni garanteix que l&#8217;acc\u00e9s a aquest Lloc Web sigui ininterromput o estigui lliure d&#8217;errors.<\/p>\n<p>Tampoc no es responsabilitza ni garanteix que el contingut o el programari accessible a trav\u00e9s d\u2019aquest Lloc Web estigui lliure d\u2019errors o pugui causar danys al sistema inform\u00e0tic (tant de programari com de maquinari) de l\u2019Usuari. En cap cas Blog de Adelina Barbero Castillo ser\u00e0 responsable per p\u00e8rdues, danys o perjudicis de qualsevol tipus que sorgeixin per l&#8217;acc\u00e9s, navegaci\u00f3 i \u00fas del Lloc Web, incloent-hi, per\u00f2 no limitant-s\u2019hi, els ocasionats als sistemes inform\u00e0tics o els provocats per la introducci\u00f3 de virus.<\/p>\n<p>Blog de Adelina Barbero Castillo tampoc no es fa responsable dels danys que puguin ocasionar-se als usuaris per un \u00fas inadequat d\u2019aquest Lloc Web. En particular, no es responsabilitza en cap cas de les caigudes, interrupcions, fallades o defectes de les telecomunicacions que puguin oc\u00f3rrer.<\/p>\n<p>&nbsp;<\/p>\n<h3>IV. POL\u00cdTICA D&#8217; ENLLA\u00c7OS<\/h3>\n<p>S&#8217;informa que el Lloc Web de Blog de Adelina Barbero Castillo posa o pot posar a disposici\u00f3 dels Usuaris mitjans d&#8217;enlla\u00e7 (com, entre d&#8217;altres, enlla\u00e7os, banners, botons), directoris i motors de cerca que permeten als Usuaris accedir a llocs web pertanyents i\/o gestionats per tercers.<\/p>\n<p>La instal\u00b7laci\u00f3 d\u2019aquests enlla\u00e7os, directoris i motors de cerca al Lloc Web t\u00e9 per objecte facilitar als Usuaris la cerca i acc\u00e9s a la informaci\u00f3 disponible a Internet, sense que pugui considerar-se una sugger\u00e8ncia, recomanaci\u00f3 o invitaci\u00f3 per a la visita dels mateixos.<\/p>\n<p>Blog de Adelina Barbero Castillo no ofereix ni comercialitza per si ni per mitj\u00e0 de tercers els productes i\/o serveis disponibles en aquests llocs enlla\u00e7ats.<\/p>\n<p>Aix\u00ed mateix, tampoc garanteix la disponibilitat t\u00e8cnica, exactitud, veracitat, validesa o legalitat de llocs aliens a la seva propietat als quals es pugui accedir per mitj\u00e0 dels enlla\u00e7os.<\/p>\n<p>Blog de Adelina Barbero Castillo en cap cas revisar\u00e0 o controlar\u00e0 el contingut d\u2019altres llocs web, ni aprova, examina ni fa propis els productes i serveis, continguts, arxius i qualsevol altre material existent en els referits llocs enlla\u00e7ats.<\/p>\n<p>Blog de Adelina Barbero Castillo no assumeix cap responsabilitat pels danys i perjudicis que es puguin produir per l&#8217;acc\u00e9s, \u00fas, qualitat o legalitat dels continguts, comunicacions, opinions, productes i serveis dels llocs web no gestionats per Blog de Adelina Barbero Castillo i que siguin enlla\u00e7ats en aquest Lloc Web.<\/p>\n<p>L&#8217;Usuari o tercer que realitzi un hiperenlla\u00e7 des d&#8217;una p\u00e0gina web d&#8217;un altre lloc web diferent al Lloc Web de Blog de Adelina Barbero Castillo haur\u00e0 de saber que:<\/p>\n<p>No es permet la reproducci\u00f3 \u2014totalment o parcialment\u2014 de cap dels Continguts i\/o Serveis del Lloc Web sense autoritzaci\u00f3 expressa de Blog de Adelina Barbero Castillo.<\/p>\n<p>No es permet tampoc cap manifestaci\u00f3 falsa, inexacta o incorrecta sobre el Lloc Web de Blog de Adelina Barbero Castillo, ni sobre els seus Continguts i\/o Serveis.<\/p>\n<p>Amb excepci\u00f3 de l\u2019hiperenlla\u00e7, el lloc web en qu\u00e8 s\u2019estableixi aquest hiperenlla\u00e7 no contindr\u00e0 cap element, d\u2019aquest Lloc Web, protegit com a propietat intel\u00b7lectual per l\u2019ordenament jur\u00eddic espanyol, llevat d\u2019autoritzaci\u00f3 expressa de Blog de Adelina Barbero Castillo.<\/p>\n<p>L\u2019establiment de l\u2019hiperenlla\u00e7 no implicar\u00e0 l\u2019exist\u00e8ncia de relacions entre Blog de Adelina Barbero Castillo i el titular del lloc web des del qual es realitzi, ni el coneixement i acceptaci\u00f3 de Blog de Adelina Barbero Castillo dels continguts, serveis i\/o activitats ofertes en aquest lloc web, i viceversa.<\/p>\n<h3><\/h3>\n<h3>V. PROPIETAT INTEL\u00b7LECTUAL I INDUSTRIAL<\/h3>\n<p>Blog de Adelina Barbero Castillo \u00e9s titular o, si escau, disposa de les llic\u00e8ncies corresponents sobre els drets de propietat intel\u00b7lectual i industrial del Lloc Web, aix\u00ed com de tots els continguts oferts en aquest, incloent-hi la pr\u00f2pia plataforma, textos, fotografies o il\u00b7lustracions, logos, marques, gr\u00e0fics, dissenys, interf\u00edcies, o qualsevol altra informaci\u00f3 o contingut, i els serveis disponibles a trav\u00e9s del mateix.<\/p>\n<p>En cap cas s\u2019entendr\u00e0 que l\u2019acc\u00e9s, navegaci\u00f3 i \u00fas del Lloc Web per part de l\u2019Usuari implica una ren\u00fancia, transmissi\u00f3, llic\u00e8ncia o cessi\u00f3 total ni parcial d\u2019aquests drets per part de Blog de Adelina Barbero Castillo. L\u2019Usuari disposa d\u2019un dret d\u2019\u00fas dels continguts i\/o serveis del Lloc Web dins d\u2019un \u00e0mbit estrictament dom\u00e8stic i exclusivament amb la finalitat de gaudir de les prestacions del servei d\u2019acord amb aquestes Condicions.<\/p>\n<p>Les refer\u00e8ncies a marques o noms comercials registrats, o altres signes distintius, ja siguin titularitat de Blog de Adelina Barbero Castillo o de terceres empreses, porten impl\u00edcita la prohibici\u00f3 sobre el seu \u00fas sense el consentiment de Blog de Adelina Barbero Castillo o dels seus leg\u00edtims titulars. En cap moment, llevat de manifestaci\u00f3 expressa en contra, l\u2019acc\u00e9s, navegaci\u00f3 o \u00fas del Lloc Web i\/o dels seus continguts confereix a l\u2019Usuari cap dret sobre signes distintius inclosos en aquest.<\/p>\n<p>Queden reservats tots els drets de propietat intel\u00b7lectual i industrial sobre els continguts del Lloc Web, i en particular queda prohibida la modificaci\u00f3, c\u00f2pia, reproducci\u00f3, comunicaci\u00f3 p\u00fablica, transformaci\u00f3 o distribuci\u00f3, per qualsevol mitj\u00e0 i sota qualsevol forma, de la totalitat o part dels continguts inclosos en el Lloc Web, amb finalitats p\u00fabliques o comercials, si no es compta amb l\u2019autoritzaci\u00f3 pr\u00e8via, expressa i per escrit de Blog de Adelina Barbero Castillo o, si escau, del titular dels drets corresponents.<\/p>\n<p>En cas que l\u2019Usuari envi\u00ef informaci\u00f3 de qualsevol tipus a Blog de Adelina Barbero Castillo a trav\u00e9s de qualsevol dels canals habilitats a aquest efecte, l\u2019Usuari declara, garanteix i accepta que t\u00e9 dret a fer-ho lliurement, que aquesta informaci\u00f3 no infringeix cap dret de propietat intel\u00b7lectual, industrial, secret comercial o qualsevol altre dret de tercers, i que aquesta informaci\u00f3 no t\u00e9 car\u00e0cter confidencial ni \u00e9s perjudicial per a tercers.<\/p>\n<p>L\u2019Usuari reconeix assumir la responsabilitat, deixant indemne a Blog de Adelina Barbero Castillo per qualsevol comunicaci\u00f3 que subministri personalment o en el seu nom, assolint aquesta responsabilitat sense cap restricci\u00f3 l\u2019exactitud, legalitat, originalitat i titularitat de la mateixa.<\/p>\n<h3>VI. ACCIONS LEGALS, LEGISLACI\u00d3 APLICABLE I JURISDICCI\u00d3<\/h3>\n<p data-start=\"228\" data-end=\"608\">La relaci\u00f3 entre l\u2019Usuari i Blog de Adelina Barbero Castillo es regir\u00e0 per la normativa vigent i aplicable al territori espanyol. En cas que sorgeixi qualsevol controv\u00e8rsia en relaci\u00f3 amb la interpretaci\u00f3 i\/o aplicaci\u00f3 d\u2019aquestes Condicions, les parts sotmetran els seus conflictes a la jurisdicci\u00f3 ordin\u00e0ria, sotmetent-se als jutjats i tribunals que corresponguin segons dret.<\/p>\n<p data-start=\"610\" data-end=\"787\" data-is-last-node=\"\" data-is-only-node=\"\">Aquest document d\u2019Av\u00eds Legal i Condicions Generals d\u2019\u00fas del lloc web ha estat creat mitjan\u00e7ant el generador de plantilla d\u2019av\u00eds legal i condicions d\u2019\u00fas online el dia 18\/02\/2024.<\/p>\n                    <\/div>\r\n                                    <\/div>\r\n            <\/div>\r\n        <\/div>\r\n    <\/div>\r\n<\/section>\r\n<style>\r\n    .text_content_text_1_1 h1 {\r\n        padding-bottom: 60px;\r\n        font-size: var(--tamano1-font-size);\r\n        font-weight: var(--tamano1-font-weight);\r\n        line-height: var(--tamano1-line-height);\r\n        letter-spacing: var(--tamano1-letter-spacing);\r\n        font-family: var(--tamano1-font-family);\r\n        color: var(--color-2-headings-dark);\r\n    }\r\n\r\n    .text_content_text_1_1 h2 {\r\n        padding-bottom: 60px;\r\n        font-size: var(--tamano2-font-size);\r\n        font-weight: var(--tamano2-font-weight);\r\n        line-height: var(--tamano2-line-height);\r\n        letter-spacing: var(--tamano2-letter-spacing);\r\n        font-family: var(--tamano2-font-family);\r\n        color: var(--color-2-headings-dark);\r\n    }\r\n\r\n    .text_content_text_1_1 h3 {\r\n        padding-bottom: 60px;\r\n        font-size: var(--tamano3-font-size);\r\n        font-weight: var(--tamano3-font-weight);\r\n        line-height: var(--tamano3-line-height);\r\n        letter-spacing: var(--tamano3-letter-spacing);\r\n        font-family: var(--tamano3-font-family);\r\n        color: var(--color-2-headings-dark);\r\n    }\r\n\r\n    .text_content_text_1_1 h4 {\r\n        padding-bottom: 60px;\r\n        font-size: var(--tamano4-font-size);\r\n        font-weight: var(--tamano4-font-weight);\r\n        line-height: var(--tamano4-line-height);\r\n        letter-spacing: var(--tamano4-letter-spacing);\r\n        font-family: var(--tamano4-font-family);\r\n        color: var(--color-2-headings-dark);\r\n    }\r\n\r\n    .text_content_text_1_1 ul,\r\n    .text_content_text_1_1 ol {\r\n        padding-left: 20px;\r\n    }\r\n\r\n    .text_content_text_1_1 .row .col {\r\n        padding-top: 75px;\r\n        width: 100%;\r\n    }\r\n\r\n\r\n    .text_content_text_1_1 .texto {\r\n        margin-bottom: 50px;\r\n    }\r\n\r\n    .text_content_text_1_1 .texto * {\r\n        padding-bottom: 20px;\r\n    }\r\n\r\n\r\n    .text_content_text_1_1 .row {\r\n        display: flex;\r\n        gap: 0px;\r\n    }\r\n\r\n    .text_content_text_1_1 {\r\n        position: relative;\r\n        background-position: center;\r\n        background-repeat: no-repeat;\r\n        background-size: cover;\r\n        padding: 81px 150px;\r\n        margin-top: -1px;\r\n    }\r\n\r\n    @media (max-width:1750px) {\r\n        .text_content_text_1_1 .row {\r\n            gap: 100px;\r\n        }\r\n    }\r\n\r\n    @media (max-width:1550px) {\r\n        .text_content_text_1_1 {\r\n            padding-left: 50px;\r\n            padding-right: 50px;\r\n        }\r\n    }\r\n\r\n    @media (max-width:1350px) {\r\n        .text_content_text_1_1 .row {\r\n            gap: 30px;\r\n        }\r\n    }\r\n\r\n    @media (max-width:1200px) {\r\n        .text_content_text_1_1 {\r\n            padding-left: 0;\r\n            padding-right: 0;\r\n        }\r\n    }\r\n\r\n    @media (max-width:992px) {\r\n        .text_content_text_1_1 .row .col-left {\r\n            padding-top: 0;\r\n            max-width: 100%;\r\n        }\r\n\r\n        .text_content_text_1_1 .texto {\r\n            margin-bottom: 35px;\r\n        }\r\n\r\n        .text_content_text_1_1 h2 {\r\n            padding-bottom: 40px;\r\n        }\r\n\r\n        .text_content_text_1_1 {\r\n            padding: 40px 0;\r\n        }\r\n\r\n        .text_content_text_1_1 h1 {\r\n            font-size: var(--tamano1-font-size-mobile);\r\n        }\r\n\r\n        .text_content_text_1_1 h2 {\r\n            font-size: var(--tamano2-font-size-mobile);\r\n        }\r\n\r\n        .text_content_text_1_1 h3 {\r\n            font-size: var(--tamano3-font-size-mobile);\r\n        }\r\n\r\n        .text_content_text_1_1 h4 {\r\n            font-size: var(--tamano4-font-size-mobile);\r\n        }\r\n    }\r\n<\/style>\r\n","protected":false},"excerpt":{"rendered":"","protected":false},"author":1,"featured_media":0,"parent":0,"menu_order":0,"comment_status":"open","ping_status":"closed","template":"","meta":{"_acf_changed":false,"iawp_total_views":0,"footnotes":""},"class_list":["post-414","page","type-page","status-publish","hentry"],"acf":[],"yoast_head":"<!-- This site is optimized with the Yoast SEO plugin v27.4 - https:\/\/yoast.com\/product\/yoast-seo-wordpress\/ -->\n<title>Aviso Legal y Condiciones - Adelina Barbero<\/title>\n<meta name=\"description\" content=\"Consulta el aviso legal y las condiciones de uso del sitio web de Adelina Barbero. Mantente informado sobre tus derechos y obligaciones como usuario.\" \/>\n<meta name=\"robots\" content=\"index, follow, max-snippet:-1, max-image-preview:large, max-video-preview:-1\" \/>\n<link rel=\"canonical\" href=\"https:\/\/infanciadesarrollocrecimiento.com\/ca\/avis-legal\/\" \/>\n<meta property=\"og:locale\" content=\"ca_ES\" \/>\n<meta property=\"og:type\" content=\"article\" \/>\n<meta property=\"og:title\" content=\"Aviso Legal y Condiciones - Adelina Barbero\" \/>\n<meta property=\"og:description\" content=\"Consulta el aviso legal y las condiciones de uso del sitio web de Adelina Barbero. Mantente informado sobre tus derechos y obligaciones como usuario.\" \/>\n<meta property=\"og:url\" content=\"https:\/\/infanciadesarrollocrecimiento.com\/ca\/avis-legal\/\" \/>\n<meta property=\"og:site_name\" content=\"Adelina Barbero\" \/>\n<meta property=\"article:modified_time\" content=\"2025-06-23T16:33:43+00:00\" \/>\n<meta name=\"twitter:card\" content=\"summary_large_image\" \/>\n<!-- \/ Yoast SEO plugin. -->","yoast_head_json":{"title":"Aviso Legal y Condiciones - Adelina Barbero","description":"Consulta el aviso legal y las condiciones de uso del sitio web de Adelina Barbero. Mantente informado sobre tus derechos y obligaciones como usuario.","robots":{"index":"index","follow":"follow","max-snippet":"max-snippet:-1","max-image-preview":"max-image-preview:large","max-video-preview":"max-video-preview:-1"},"canonical":"https:\/\/infanciadesarrollocrecimiento.com\/ca\/avis-legal\/","og_locale":"ca_ES","og_type":"article","og_title":"Aviso Legal y Condiciones - Adelina Barbero","og_description":"Consulta el aviso legal y las condiciones de uso del sitio web de Adelina Barbero. Mantente informado sobre tus derechos y obligaciones como usuario.","og_url":"https:\/\/infanciadesarrollocrecimiento.com\/ca\/avis-legal\/","og_site_name":"Adelina Barbero","article_modified_time":"2025-06-23T16:33:43+00:00","twitter_card":"summary_large_image","schema":{"@context":"https:\/\/schema.org","@graph":[{"@type":"WebPage","@id":"https:\/\/infanciadesarrollocrecimiento.com\/ca\/avis-legal\/","url":"https:\/\/infanciadesarrollocrecimiento.com\/ca\/avis-legal\/","name":"Aviso Legal y Condiciones - Adelina Barbero","isPartOf":{"@id":"https:\/\/infanciadesarrollocrecimiento.com\/ca\/#website"},"datePublished":"2025-02-03T16:50:24+00:00","dateModified":"2025-06-23T16:33:43+00:00","description":"Consulta el aviso legal y las condiciones de uso del sitio web de Adelina Barbero. Mantente informado sobre tus derechos y obligaciones como usuario.","breadcrumb":{"@id":"https:\/\/infanciadesarrollocrecimiento.com\/ca\/avis-legal\/#breadcrumb"},"inLanguage":"ca","potentialAction":[{"@type":"ReadAction","target":["https:\/\/infanciadesarrollocrecimiento.com\/ca\/avis-legal\/"]}]},{"@type":"BreadcrumbList","@id":"https:\/\/infanciadesarrollocrecimiento.com\/ca\/avis-legal\/#breadcrumb","itemListElement":[{"@type":"ListItem","position":1,"name":"Portada","item":"https:\/\/infanciadesarrollocrecimiento.com\/ca\/"},{"@type":"ListItem","position":2,"name":"Av\u00eds legal"}]},{"@type":"WebSite","@id":"https:\/\/infanciadesarrollocrecimiento.com\/ca\/#website","url":"https:\/\/infanciadesarrollocrecimiento.com\/ca\/","name":"Adelina Barbero","description":"","publisher":{"@id":"https:\/\/infanciadesarrollocrecimiento.com\/ca\/#organization"},"potentialAction":[{"@type":"SearchAction","target":{"@type":"EntryPoint","urlTemplate":"https:\/\/infanciadesarrollocrecimiento.com\/ca\/?s={search_term_string}"},"query-input":{"@type":"PropertyValueSpecification","valueRequired":true,"valueName":"search_term_string"}}],"inLanguage":"ca"},{"@type":"Organization","@id":"https:\/\/infanciadesarrollocrecimiento.com\/ca\/#organization","name":"Adelina Barbero","url":"https:\/\/infanciadesarrollocrecimiento.com\/ca\/","logo":{"@type":"ImageObject","inLanguage":"ca","@id":"https:\/\/infanciadesarrollocrecimiento.com\/ca\/#\/schema\/logo\/image\/","url":"https:\/\/infanciadesarrollocrecimiento.com\/wp-content\/uploads\/2025\/02\/67a0b21d482ef_desarrollo_y_crecimiento__2_-removebg-preview.png","contentUrl":"https:\/\/infanciadesarrollocrecimiento.com\/wp-content\/uploads\/2025\/02\/67a0b21d482ef_desarrollo_y_crecimiento__2_-removebg-preview.png","width":167,"height":22,"caption":"Adelina Barbero"},"image":{"@id":"https:\/\/infanciadesarrollocrecimiento.com\/ca\/#\/schema\/logo\/image\/"}}]}},"_links":{"self":[{"href":"https:\/\/infanciadesarrollocrecimiento.com\/ca\/wp-json\/wp\/v2\/pages\/414","targetHints":{"allow":["GET"]}}],"collection":[{"href":"https:\/\/infanciadesarrollocrecimiento.com\/ca\/wp-json\/wp\/v2\/pages"}],"about":[{"href":"https:\/\/infanciadesarrollocrecimiento.com\/ca\/wp-json\/wp\/v2\/types\/page"}],"author":[{"embeddable":true,"href":"https:\/\/infanciadesarrollocrecimiento.com\/ca\/wp-json\/wp\/v2\/users\/1"}],"replies":[{"embeddable":true,"href":"https:\/\/infanciadesarrollocrecimiento.com\/ca\/wp-json\/wp\/v2\/comments?post=414"}],"version-history":[{"count":4,"href":"https:\/\/infanciadesarrollocrecimiento.com\/ca\/wp-json\/wp\/v2\/pages\/414\/revisions"}],"predecessor-version":[{"id":1341,"href":"https:\/\/infanciadesarrollocrecimiento.com\/ca\/wp-json\/wp\/v2\/pages\/414\/revisions\/1341"}],"wp:attachment":[{"href":"https:\/\/infanciadesarrollocrecimiento.com\/ca\/wp-json\/wp\/v2\/media?parent=414"}],"curies":[{"name":"wp","href":"https:\/\/api.w.org\/{rel}","templated":true}]}}